{"id":9185,"date":"2023-09-15T19:19:21","date_gmt":"2024-03-19T08:12:55","guid":{"rendered":"https:\/\/caterinad.it\/product\/crater-collar-sweater\/"},"modified":"2024-03-19T08:20:58","modified_gmt":"2024-03-19T08:20:58","slug":"series-knitting-knitting-neck-crater","status":"publish","type":"product","link":"https:\/\/caterinad.it\/en\/product\/series-knitting-knitting-neck-crater\/","title":{"rendered":"Crater collar sweater"},"content":{"rendered":"<p>Sweater with crater collar, casual but always elegant<\/p>\n","protected":false},"excerpt":{"rendered":"<p>Sweater with crater collar, casual but always elegant<\/p>\n","protected":false},"featured_media":0,"template":"","meta":{"_acf_changed":false},"product_brand":[],"product_cat":[348,434],"product_tag":[365],"class_list":{"0":"post-9185","1":"product","2":"type-product","3":"status-publish","5":"product_cat-clothing","6":"product_cat-knitwear","7":"product_tag-fall-winter-2023-en","9":"first","10":"instock","11":"shipping-taxable","12":"purchasable","13":"product-type-variable"},"acf":[],"yoast_head":"<!-- This site is optimized with the Yoast SEO plugin v26.9 - https:\/\/yoast.com\/product\/yoast-seo-wordpress\/ -->\n<title>Crater collar sweater - Caterina D.<\/title>\n<meta name=\"description\" content=\"Sweater with crater neck, from the new Caterina D autumn-winter 23-24 collection. Discover it now in our stores around the world.\" \/>\n<meta name=\"robots\" content=\"index, follow, max-snippet:-1, max-image-preview:large, max-video-preview:-1\" \/>\n<link rel=\"canonical\" href=\"https:\/\/caterinad.it\/en\/product\/series-knitting-knitting-neck-crater\/\" \/>\n<meta property=\"og:locale\" content=\"en_US\" \/>\n<meta property=\"og:type\" content=\"article\" \/>\n<meta property=\"og:title\" content=\"Crater collar sweater - Caterina D.\" \/>\n<meta property=\"og:description\" content=\"Sweater with crater neck, from the new Caterina D autumn-winter 23-24 collection. Discover it now in our stores around the world.\" \/>\n<meta property=\"og:url\" content=\"https:\/\/caterinad.it\/en\/product\/series-knitting-knitting-neck-crater\/\" \/>\n<meta property=\"og:site_name\" content=\"Caterina D.\" \/>\n<meta property=\"article:publisher\" content=\"https:\/\/www.facebook.com\/Caterina.D.Collection\" \/>\n<meta property=\"article:modified_time\" content=\"2024-03-19T08:20:58+00:00\" \/>\n<meta property=\"og:image\" content=\"https:\/\/caterinad.it\/web\/app\/uploads\/2023\/09\/813M.jpg\" \/>\n\t<meta property=\"og:image:width\" content=\"500\" \/>\n\t<meta property=\"og:image:height\" content=\"650\" \/>\n\t<meta property=\"og:image:type\" content=\"image\/jpeg\" \/>\n<meta name=\"twitter:card\" content=\"summary_large_image\" \/>\n<script type=\"application\/ld+json\" class=\"yoast-schema-graph\">{\"@context\":\"https:\/\/schema.org\",\"@graph\":[{\"@type\":\"WebPage\",\"@id\":\"https:\/\/caterinad.it\/en\/product\/series-knitting-knitting-neck-crater\/\",\"url\":\"https:\/\/caterinad.it\/en\/product\/series-knitting-knitting-neck-crater\/\",\"name\":\"Crater collar sweater - Caterina D.\",\"isPartOf\":{\"@id\":\"https:\/\/caterinad.it\/#website\"},\"datePublished\":\"2024-03-19T08:12:55+00:00\",\"dateModified\":\"2024-03-19T08:20:58+00:00\",\"description\":\"Sweater with crater neck, from the new Caterina D autumn-winter 23-24 collection. Discover it now in our stores around the world.\",\"breadcrumb\":{\"@id\":\"https:\/\/caterinad.it\/en\/product\/series-knitting-knitting-neck-crater\/#breadcrumb\"},\"inLanguage\":\"en-US\",\"potentialAction\":[{\"@type\":\"ReadAction\",\"target\":[\"https:\/\/caterinad.it\/en\/product\/series-knitting-knitting-neck-crater\/\"]}]},{\"@type\":\"BreadcrumbList\",\"@id\":\"https:\/\/caterinad.it\/en\/product\/series-knitting-knitting-neck-crater\/#breadcrumb\",\"itemListElement\":[{\"@type\":\"ListItem\",\"position\":1,\"name\":\"Home\",\"item\":\"https:\/\/caterinad.it\/en\/\"},{\"@type\":\"ListItem\",\"position\":2,\"name\":\"Fall\/Winter 2023\",\"item\":\"https:\/\/caterinad.it\/en\/product-tag\/fall-winter-2023-en\/\"},{\"@type\":\"ListItem\",\"position\":3,\"name\":\"Crater collar sweater\"}]},{\"@type\":\"WebSite\",\"@id\":\"https:\/\/caterinad.it\/#website\",\"url\":\"https:\/\/caterinad.it\/\",\"name\":\"Caterina D.\",\"description\":\"Perch\u00e9 scegliere tra eleganza e praticit\u00e0 quando si possono avere entrambe? La nostra idea di moda \u00e8 diversa: abiti dalle linee morbide e leggere, dal design unico e ricercato, per una bellezza senza stress.\",\"publisher\":{\"@id\":\"https:\/\/caterinad.it\/#organization\"},\"potentialAction\":[{\"@type\":\"SearchAction\",\"target\":{\"@type\":\"EntryPoint\",\"urlTemplate\":\"https:\/\/caterinad.it\/?s={search_term_string}\"},\"query-input\":{\"@type\":\"PropertyValueSpecification\",\"valueRequired\":true,\"valueName\":\"search_term_string\"}}],\"inLanguage\":\"en-US\"},{\"@type\":\"Organization\",\"@id\":\"https:\/\/caterinad.it\/#organization\",\"name\":\"Caterina D.\",\"alternateName\":\"CaterinaD\",\"url\":\"https:\/\/caterinad.it\/\",\"logo\":{\"@type\":\"ImageObject\",\"inLanguage\":\"en-US\",\"@id\":\"https:\/\/caterinad.it\/#\/schema\/logo\/image\/\",\"url\":\"https:\/\/caterinad.it\/web\/app\/uploads\/2019\/12\/logo-caterina-d-black.png\",\"contentUrl\":\"https:\/\/caterinad.it\/web\/app\/uploads\/2019\/12\/logo-caterina-d-black.png\",\"width\":1145,\"height\":236,\"caption\":\"Caterina D.\"},\"image\":{\"@id\":\"https:\/\/caterinad.it\/#\/schema\/logo\/image\/\"},\"sameAs\":[\"https:\/\/www.facebook.com\/Caterina.D.Collection\",\"https:\/\/www.instagram.com\/caterina.d.collection\"]}]}<\/script>\n<!-- \/ Yoast SEO plugin. -->","yoast_head_json":{"title":"Crater collar sweater - Caterina D.","description":"Sweater with crater neck, from the new Caterina D autumn-winter 23-24 collection. Discover it now in our stores around the world.","robots":{"index":"index","follow":"follow","max-snippet":"max-snippet:-1","max-image-preview":"max-image-preview:large","max-video-preview":"max-video-preview:-1"},"canonical":"https:\/\/caterinad.it\/en\/product\/series-knitting-knitting-neck-crater\/","og_locale":"en_US","og_type":"article","og_title":"Crater collar sweater - Caterina D.","og_description":"Sweater with crater neck, from the new Caterina D autumn-winter 23-24 collection. Discover it now in our stores around the world.","og_url":"https:\/\/caterinad.it\/en\/product\/series-knitting-knitting-neck-crater\/","og_site_name":"Caterina D.","article_publisher":"https:\/\/www.facebook.com\/Caterina.D.Collection","article_modified_time":"2024-03-19T08:20:58+00:00","og_image":[{"width":500,"height":650,"url":"https:\/\/caterinad.it\/web\/app\/uploads\/2023\/09\/813M.jpg","type":"image\/jpeg"}],"twitter_card":"summary_large_image","schema":{"@context":"https:\/\/schema.org","@graph":[{"@type":"WebPage","@id":"https:\/\/caterinad.it\/en\/product\/series-knitting-knitting-neck-crater\/","url":"https:\/\/caterinad.it\/en\/product\/series-knitting-knitting-neck-crater\/","name":"Crater collar sweater - Caterina D.","isPartOf":{"@id":"https:\/\/caterinad.it\/#website"},"datePublished":"2024-03-19T08:12:55+00:00","dateModified":"2024-03-19T08:20:58+00:00","description":"Sweater with crater neck, from the new Caterina D autumn-winter 23-24 collection. Discover it now in our stores around the world.","breadcrumb":{"@id":"https:\/\/caterinad.it\/en\/product\/series-knitting-knitting-neck-crater\/#breadcrumb"},"inLanguage":"en-US","potentialAction":[{"@type":"ReadAction","target":["https:\/\/caterinad.it\/en\/product\/series-knitting-knitting-neck-crater\/"]}]},{"@type":"BreadcrumbList","@id":"https:\/\/caterinad.it\/en\/product\/series-knitting-knitting-neck-crater\/#breadcrumb","itemListElement":[{"@type":"ListItem","position":1,"name":"Home","item":"https:\/\/caterinad.it\/en\/"},{"@type":"ListItem","position":2,"name":"Fall\/Winter 2023","item":"https:\/\/caterinad.it\/en\/product-tag\/fall-winter-2023-en\/"},{"@type":"ListItem","position":3,"name":"Crater collar sweater"}]},{"@type":"WebSite","@id":"https:\/\/caterinad.it\/#website","url":"https:\/\/caterinad.it\/","name":"Caterina D.","description":"Perch\u00e9 scegliere tra eleganza e praticit\u00e0 quando si possono avere entrambe? La nostra idea di moda \u00e8 diversa: abiti dalle linee morbide e leggere, dal design unico e ricercato, per una bellezza senza stress.","publisher":{"@id":"https:\/\/caterinad.it\/#organization"},"potentialAction":[{"@type":"SearchAction","target":{"@type":"EntryPoint","urlTemplate":"https:\/\/caterinad.it\/?s={search_term_string}"},"query-input":{"@type":"PropertyValueSpecification","valueRequired":true,"valueName":"search_term_string"}}],"inLanguage":"en-US"},{"@type":"Organization","@id":"https:\/\/caterinad.it\/#organization","name":"Caterina D.","alternateName":"CaterinaD","url":"https:\/\/caterinad.it\/","logo":{"@type":"ImageObject","inLanguage":"en-US","@id":"https:\/\/caterinad.it\/#\/schema\/logo\/image\/","url":"https:\/\/caterinad.it\/web\/app\/uploads\/2019\/12\/logo-caterina-d-black.png","contentUrl":"https:\/\/caterinad.it\/web\/app\/uploads\/2019\/12\/logo-caterina-d-black.png","width":1145,"height":236,"caption":"Caterina D."},"image":{"@id":"https:\/\/caterinad.it\/#\/schema\/logo\/image\/"},"sameAs":["https:\/\/www.facebook.com\/Caterina.D.Collection","https:\/\/www.instagram.com\/caterina.d.collection"]}]}},"_links":{"self":[{"href":"https:\/\/caterinad.it\/en\/wp-json\/wp\/v2\/product\/9185","targetHints":{"allow":["GET"]}}],"collection":[{"href":"https:\/\/caterinad.it\/en\/wp-json\/wp\/v2\/product"}],"about":[{"href":"https:\/\/caterinad.it\/en\/wp-json\/wp\/v2\/types\/product"}],"wp:attachment":[{"href":"https:\/\/caterinad.it\/en\/wp-json\/wp\/v2\/media?parent=9185"}],"wp:term":[{"taxonomy":"product_brand","embeddable":true,"href":"https:\/\/caterinad.it\/en\/wp-json\/wp\/v2\/product_brand?post=9185"},{"taxonomy":"product_cat","embeddable":true,"href":"https:\/\/caterinad.it\/en\/wp-json\/wp\/v2\/product_cat?post=9185"},{"taxonomy":"product_tag","embeddable":true,"href":"https:\/\/caterinad.it\/en\/wp-json\/wp\/v2\/product_tag?post=9185"}],"curies":[{"name":"wp","href":"https:\/\/api.w.org\/{rel}","templated":true}]}}