{"id":22273,"date":"2026-02-28T16:05:48","date_gmt":"2026-03-27T10:12:13","guid":{"rendered":"https:\/\/caterinad.it\/product\/flared-jersey-pants\/"},"modified":"2026-03-27T10:12:13","modified_gmt":"2026-03-27T10:12:13","slug":"flared-jersey-pants","status":"publish","type":"product","link":"https:\/\/caterinad.it\/en\/product\/flared-jersey-pants\/","title":{"rendered":"Flared jersey pants"},"content":{"rendered":"<p class=\"p1\"><span class=\"s1\">Long trousers with wide trapeze legs in lightweight stretch viscose and polyamide blend jersey. The double wrap of soft elastic at the waist and diagonal pockets on the front enhance the practicality of the style, completed by a length that reaches the top of the foot.<br \/>\nAvailable in sizes XS to XXL.<\/span><\/p>\n","protected":false},"excerpt":{"rendered":"<p>Long trousers with wide trapeze legs in lightweight stretch viscose and polyamide blend jersey. The double wrap of soft elastic&#8230;<\/p>\n","protected":false},"featured_media":20527,"template":"","meta":{"_acf_changed":false},"product_brand":[],"product_cat":[348,435],"product_tag":[645],"class_list":{"0":"post-22273","1":"product","2":"type-product","3":"status-publish","4":"has-post-thumbnail","6":"product_cat-clothing","7":"product_cat-trousers","8":"product_tag-spring-summer-2026","10":"first","11":"instock","12":"shipping-taxable","13":"product-type-variable"},"acf":[],"yoast_head":"<!-- This site is optimized with the Yoast SEO plugin v26.9 - https:\/\/yoast.com\/product\/yoast-seo-wordpress\/ -->\n<title>Flared jersey pants - Caterina D.<\/title>\n<meta name=\"description\" content=\"Wide line, soft fabric and comfortable fit: the trapeze trousers in jersey interpret the spring-summer collection by Caterina D. with style.\" \/>\n<meta name=\"robots\" content=\"index, follow, max-snippet:-1, max-image-preview:large, max-video-preview:-1\" \/>\n<link rel=\"canonical\" href=\"https:\/\/caterinad.it\/en\/product\/flared-jersey-pants\/\" \/>\n<meta property=\"og:locale\" content=\"en_US\" \/>\n<meta property=\"og:type\" content=\"article\" \/>\n<meta property=\"og:title\" content=\"Flared jersey pants - Caterina D.\" \/>\n<meta property=\"og:description\" content=\"Wide line, soft fabric and comfortable fit: the trapeze trousers in jersey interpret the spring-summer collection by Caterina D. with style.\" \/>\n<meta property=\"og:url\" content=\"https:\/\/caterinad.it\/en\/product\/flared-jersey-pants\/\" \/>\n<meta property=\"og:site_name\" content=\"Caterina D.\" \/>\n<meta property=\"article:publisher\" content=\"https:\/\/www.facebook.com\/Caterina.D.Collection\" \/>\n<meta property=\"og:image\" content=\"https:\/\/caterinad.it\/web\/app\/uploads\/2026\/02\/171D.jpg\" \/>\n\t<meta property=\"og:image:width\" content=\"1428\" \/>\n\t<meta property=\"og:image:height\" content=\"2000\" \/>\n\t<meta property=\"og:image:type\" content=\"image\/jpeg\" \/>\n<meta name=\"twitter:card\" content=\"summary_large_image\" \/>\n<script type=\"application\/ld+json\" class=\"yoast-schema-graph\">{\"@context\":\"https:\/\/schema.org\",\"@graph\":[{\"@type\":\"WebPage\",\"@id\":\"https:\/\/caterinad.it\/en\/product\/flared-jersey-pants\/\",\"url\":\"https:\/\/caterinad.it\/en\/product\/flared-jersey-pants\/\",\"name\":\"Flared jersey pants - Caterina D.\",\"isPartOf\":{\"@id\":\"https:\/\/caterinad.it\/#website\"},\"primaryImageOfPage\":{\"@id\":\"https:\/\/caterinad.it\/en\/product\/flared-jersey-pants\/#primaryimage\"},\"image\":{\"@id\":\"https:\/\/caterinad.it\/en\/product\/flared-jersey-pants\/#primaryimage\"},\"thumbnailUrl\":\"https:\/\/caterinad.it\/web\/app\/uploads\/2026\/02\/171D.jpg\",\"datePublished\":\"2026-03-27T10:12:13+00:00\",\"description\":\"Wide line, soft fabric and comfortable fit: the trapeze trousers in jersey interpret the spring-summer collection by Caterina D. with style.\",\"breadcrumb\":{\"@id\":\"https:\/\/caterinad.it\/en\/product\/flared-jersey-pants\/#breadcrumb\"},\"inLanguage\":\"en-US\",\"potentialAction\":[{\"@type\":\"ReadAction\",\"target\":[\"https:\/\/caterinad.it\/en\/product\/flared-jersey-pants\/\"]}]},{\"@type\":\"ImageObject\",\"inLanguage\":\"en-US\",\"@id\":\"https:\/\/caterinad.it\/en\/product\/flared-jersey-pants\/#primaryimage\",\"url\":\"https:\/\/caterinad.it\/web\/app\/uploads\/2026\/02\/171D.jpg\",\"contentUrl\":\"https:\/\/caterinad.it\/web\/app\/uploads\/2026\/02\/171D.jpg\",\"width\":1428,\"height\":2000},{\"@type\":\"BreadcrumbList\",\"@id\":\"https:\/\/caterinad.it\/en\/product\/flared-jersey-pants\/#breadcrumb\",\"itemListElement\":[{\"@type\":\"ListItem\",\"position\":1,\"name\":\"Home\",\"item\":\"https:\/\/caterinad.it\/en\/\"},{\"@type\":\"ListItem\",\"position\":2,\"name\":\"Flared jersey pants\"}]},{\"@type\":\"WebSite\",\"@id\":\"https:\/\/caterinad.it\/#website\",\"url\":\"https:\/\/caterinad.it\/\",\"name\":\"Caterina D.\",\"description\":\"Perch\u00e9 scegliere tra eleganza e praticit\u00e0 quando si possono avere entrambe? La nostra idea di moda \u00e8 diversa: abiti dalle linee morbide e leggere, dal design unico e ricercato, per una bellezza senza stress.\",\"publisher\":{\"@id\":\"https:\/\/caterinad.it\/#organization\"},\"potentialAction\":[{\"@type\":\"SearchAction\",\"target\":{\"@type\":\"EntryPoint\",\"urlTemplate\":\"https:\/\/caterinad.it\/?s={search_term_string}\"},\"query-input\":{\"@type\":\"PropertyValueSpecification\",\"valueRequired\":true,\"valueName\":\"search_term_string\"}}],\"inLanguage\":\"en-US\"},{\"@type\":\"Organization\",\"@id\":\"https:\/\/caterinad.it\/#organization\",\"name\":\"Caterina D.\",\"alternateName\":\"CaterinaD\",\"url\":\"https:\/\/caterinad.it\/\",\"logo\":{\"@type\":\"ImageObject\",\"inLanguage\":\"en-US\",\"@id\":\"https:\/\/caterinad.it\/#\/schema\/logo\/image\/\",\"url\":\"https:\/\/caterinad.it\/web\/app\/uploads\/2019\/12\/logo-caterina-d-black.png\",\"contentUrl\":\"https:\/\/caterinad.it\/web\/app\/uploads\/2019\/12\/logo-caterina-d-black.png\",\"width\":1145,\"height\":236,\"caption\":\"Caterina D.\"},\"image\":{\"@id\":\"https:\/\/caterinad.it\/#\/schema\/logo\/image\/\"},\"sameAs\":[\"https:\/\/www.facebook.com\/Caterina.D.Collection\",\"https:\/\/www.instagram.com\/caterina.d.collection\"]}]}<\/script>\n<!-- \/ Yoast SEO plugin. -->","yoast_head_json":{"title":"Flared jersey pants - Caterina D.","description":"Wide line, soft fabric and comfortable fit: the trapeze trousers in jersey interpret the spring-summer collection by Caterina D. with style.","robots":{"index":"index","follow":"follow","max-snippet":"max-snippet:-1","max-image-preview":"max-image-preview:large","max-video-preview":"max-video-preview:-1"},"canonical":"https:\/\/caterinad.it\/en\/product\/flared-jersey-pants\/","og_locale":"en_US","og_type":"article","og_title":"Flared jersey pants - Caterina D.","og_description":"Wide line, soft fabric and comfortable fit: the trapeze trousers in jersey interpret the spring-summer collection by Caterina D. with style.","og_url":"https:\/\/caterinad.it\/en\/product\/flared-jersey-pants\/","og_site_name":"Caterina D.","article_publisher":"https:\/\/www.facebook.com\/Caterina.D.Collection","og_image":[{"width":1428,"height":2000,"url":"https:\/\/caterinad.it\/web\/app\/uploads\/2026\/02\/171D.jpg","type":"image\/jpeg"}],"twitter_card":"summary_large_image","schema":{"@context":"https:\/\/schema.org","@graph":[{"@type":"WebPage","@id":"https:\/\/caterinad.it\/en\/product\/flared-jersey-pants\/","url":"https:\/\/caterinad.it\/en\/product\/flared-jersey-pants\/","name":"Flared jersey pants - Caterina D.","isPartOf":{"@id":"https:\/\/caterinad.it\/#website"},"primaryImageOfPage":{"@id":"https:\/\/caterinad.it\/en\/product\/flared-jersey-pants\/#primaryimage"},"image":{"@id":"https:\/\/caterinad.it\/en\/product\/flared-jersey-pants\/#primaryimage"},"thumbnailUrl":"https:\/\/caterinad.it\/web\/app\/uploads\/2026\/02\/171D.jpg","datePublished":"2026-03-27T10:12:13+00:00","description":"Wide line, soft fabric and comfortable fit: the trapeze trousers in jersey interpret the spring-summer collection by Caterina D. with style.","breadcrumb":{"@id":"https:\/\/caterinad.it\/en\/product\/flared-jersey-pants\/#breadcrumb"},"inLanguage":"en-US","potentialAction":[{"@type":"ReadAction","target":["https:\/\/caterinad.it\/en\/product\/flared-jersey-pants\/"]}]},{"@type":"ImageObject","inLanguage":"en-US","@id":"https:\/\/caterinad.it\/en\/product\/flared-jersey-pants\/#primaryimage","url":"https:\/\/caterinad.it\/web\/app\/uploads\/2026\/02\/171D.jpg","contentUrl":"https:\/\/caterinad.it\/web\/app\/uploads\/2026\/02\/171D.jpg","width":1428,"height":2000},{"@type":"BreadcrumbList","@id":"https:\/\/caterinad.it\/en\/product\/flared-jersey-pants\/#breadcrumb","itemListElement":[{"@type":"ListItem","position":1,"name":"Home","item":"https:\/\/caterinad.it\/en\/"},{"@type":"ListItem","position":2,"name":"Flared jersey pants"}]},{"@type":"WebSite","@id":"https:\/\/caterinad.it\/#website","url":"https:\/\/caterinad.it\/","name":"Caterina D.","description":"Perch\u00e9 scegliere tra eleganza e praticit\u00e0 quando si possono avere entrambe? La nostra idea di moda \u00e8 diversa: abiti dalle linee morbide e leggere, dal design unico e ricercato, per una bellezza senza stress.","publisher":{"@id":"https:\/\/caterinad.it\/#organization"},"potentialAction":[{"@type":"SearchAction","target":{"@type":"EntryPoint","urlTemplate":"https:\/\/caterinad.it\/?s={search_term_string}"},"query-input":{"@type":"PropertyValueSpecification","valueRequired":true,"valueName":"search_term_string"}}],"inLanguage":"en-US"},{"@type":"Organization","@id":"https:\/\/caterinad.it\/#organization","name":"Caterina D.","alternateName":"CaterinaD","url":"https:\/\/caterinad.it\/","logo":{"@type":"ImageObject","inLanguage":"en-US","@id":"https:\/\/caterinad.it\/#\/schema\/logo\/image\/","url":"https:\/\/caterinad.it\/web\/app\/uploads\/2019\/12\/logo-caterina-d-black.png","contentUrl":"https:\/\/caterinad.it\/web\/app\/uploads\/2019\/12\/logo-caterina-d-black.png","width":1145,"height":236,"caption":"Caterina D."},"image":{"@id":"https:\/\/caterinad.it\/#\/schema\/logo\/image\/"},"sameAs":["https:\/\/www.facebook.com\/Caterina.D.Collection","https:\/\/www.instagram.com\/caterina.d.collection"]}]}},"_links":{"self":[{"href":"https:\/\/caterinad.it\/en\/wp-json\/wp\/v2\/product\/22273","targetHints":{"allow":["GET"]}}],"collection":[{"href":"https:\/\/caterinad.it\/en\/wp-json\/wp\/v2\/product"}],"about":[{"href":"https:\/\/caterinad.it\/en\/wp-json\/wp\/v2\/types\/product"}],"wp:featuredmedia":[{"embeddable":true,"href":"https:\/\/caterinad.it\/en\/wp-json\/wp\/v2\/media\/20527"}],"wp:attachment":[{"href":"https:\/\/caterinad.it\/en\/wp-json\/wp\/v2\/media?parent=22273"}],"wp:term":[{"taxonomy":"product_brand","embeddable":true,"href":"https:\/\/caterinad.it\/en\/wp-json\/wp\/v2\/product_brand?post=22273"},{"taxonomy":"product_cat","embeddable":true,"href":"https:\/\/caterinad.it\/en\/wp-json\/wp\/v2\/product_cat?post=22273"},{"taxonomy":"product_tag","embeddable":true,"href":"https:\/\/caterinad.it\/en\/wp-json\/wp\/v2\/product_tag?post=22273"}],"curies":[{"name":"wp","href":"https:\/\/api.w.org\/{rel}","templated":true}]}}