{"id":21834,"date":"2026-03-03T09:59:25","date_gmt":"2026-03-26T17:22:35","guid":{"rendered":"https:\/\/caterinad.it\/product\/wide-leg-pants-in-stretch-denim\/"},"modified":"2026-03-26T17:22:35","modified_gmt":"2026-03-26T17:22:35","slug":"wide-leg-pants-in-stretch-denim","status":"publish","type":"product","link":"https:\/\/caterinad.it\/en\/product\/wide-leg-pants-in-stretch-denim\/","title":{"rendered":"Wide-leg pants in stretch denim"},"content":{"rendered":"<p class=\"p1\"><span class=\"s1\">Wide-leg trousers in stretch cotton denim. The soft elastic waistband, invisible front pockets, and instep length define a comfortable and modern style, ideal for relaxed elegance and a versatile piece for creating ever-changing looks.<br \/>\nAvailable in sizes XS to XXL. <\/span><\/p>\n","protected":false},"excerpt":{"rendered":"<p>Wide-leg trousers in stretch cotton denim. The soft elastic waistband, invisible front pockets, and instep length define a comfortable and&#8230;<\/p>\n","protected":false},"featured_media":21025,"template":"","meta":{"_acf_changed":false},"product_brand":[],"product_cat":[348,643],"product_tag":[645],"class_list":{"0":"post-21834","1":"product","2":"type-product","3":"status-publish","4":"has-post-thumbnail","6":"product_cat-clothing","7":"product_cat-denim","8":"product_tag-spring-summer-2026","10":"first","11":"instock","12":"shipping-taxable","13":"product-type-variable"},"acf":[],"yoast_head":"<!-- This site is optimized with the Yoast SEO plugin v26.9 - https:\/\/yoast.com\/product\/yoast-seo-wordpress\/ -->\n<title>Wide-leg pants in stretch denim - Caterina D.<\/title>\n<meta name=\"description\" content=\"Discover Caterina D.&#039;s wide-leg denim trousers: contemporary style, comfort, and a versatile fit for your new season looks.\" \/>\n<meta name=\"robots\" content=\"index, follow, max-snippet:-1, max-image-preview:large, max-video-preview:-1\" \/>\n<link rel=\"canonical\" href=\"https:\/\/caterinad.it\/en\/product\/wide-leg-pants-in-stretch-denim\/\" \/>\n<meta property=\"og:locale\" content=\"en_US\" \/>\n<meta property=\"og:type\" content=\"article\" \/>\n<meta property=\"og:title\" content=\"Wide-leg pants in stretch denim - Caterina D.\" \/>\n<meta property=\"og:description\" content=\"Discover Caterina D.&#039;s wide-leg denim trousers: contemporary style, comfort, and a versatile fit for your new season looks.\" \/>\n<meta property=\"og:url\" content=\"https:\/\/caterinad.it\/en\/product\/wide-leg-pants-in-stretch-denim\/\" \/>\n<meta property=\"og:site_name\" content=\"Caterina D.\" \/>\n<meta property=\"article:publisher\" content=\"https:\/\/www.facebook.com\/Caterina.D.Collection\" \/>\n<meta property=\"og:image\" content=\"https:\/\/caterinad.it\/web\/app\/uploads\/2026\/03\/205J.jpg\" \/>\n\t<meta property=\"og:image:width\" content=\"1428\" \/>\n\t<meta property=\"og:image:height\" content=\"2000\" \/>\n\t<meta property=\"og:image:type\" content=\"image\/jpeg\" \/>\n<meta name=\"twitter:card\" content=\"summary_large_image\" \/>\n<script type=\"application\/ld+json\" class=\"yoast-schema-graph\">{\"@context\":\"https:\/\/schema.org\",\"@graph\":[{\"@type\":\"WebPage\",\"@id\":\"https:\/\/caterinad.it\/en\/product\/wide-leg-pants-in-stretch-denim\/\",\"url\":\"https:\/\/caterinad.it\/en\/product\/wide-leg-pants-in-stretch-denim\/\",\"name\":\"Wide-leg pants in stretch denim - Caterina D.\",\"isPartOf\":{\"@id\":\"https:\/\/caterinad.it\/#website\"},\"primaryImageOfPage\":{\"@id\":\"https:\/\/caterinad.it\/en\/product\/wide-leg-pants-in-stretch-denim\/#primaryimage\"},\"image\":{\"@id\":\"https:\/\/caterinad.it\/en\/product\/wide-leg-pants-in-stretch-denim\/#primaryimage\"},\"thumbnailUrl\":\"https:\/\/caterinad.it\/web\/app\/uploads\/2026\/03\/205J.jpg\",\"datePublished\":\"2026-03-26T17:22:35+00:00\",\"description\":\"Discover Caterina D.'s wide-leg denim trousers: contemporary style, comfort, and a versatile fit for your new season looks.\",\"breadcrumb\":{\"@id\":\"https:\/\/caterinad.it\/en\/product\/wide-leg-pants-in-stretch-denim\/#breadcrumb\"},\"inLanguage\":\"en-US\",\"potentialAction\":[{\"@type\":\"ReadAction\",\"target\":[\"https:\/\/caterinad.it\/en\/product\/wide-leg-pants-in-stretch-denim\/\"]}]},{\"@type\":\"ImageObject\",\"inLanguage\":\"en-US\",\"@id\":\"https:\/\/caterinad.it\/en\/product\/wide-leg-pants-in-stretch-denim\/#primaryimage\",\"url\":\"https:\/\/caterinad.it\/web\/app\/uploads\/2026\/03\/205J.jpg\",\"contentUrl\":\"https:\/\/caterinad.it\/web\/app\/uploads\/2026\/03\/205J.jpg\",\"width\":1428,\"height\":2000},{\"@type\":\"BreadcrumbList\",\"@id\":\"https:\/\/caterinad.it\/en\/product\/wide-leg-pants-in-stretch-denim\/#breadcrumb\",\"itemListElement\":[{\"@type\":\"ListItem\",\"position\":1,\"name\":\"Home\",\"item\":\"https:\/\/caterinad.it\/en\/\"},{\"@type\":\"ListItem\",\"position\":2,\"name\":\"Wide-leg pants in stretch denim\"}]},{\"@type\":\"WebSite\",\"@id\":\"https:\/\/caterinad.it\/#website\",\"url\":\"https:\/\/caterinad.it\/\",\"name\":\"Caterina D.\",\"description\":\"Perch\u00e9 scegliere tra eleganza e praticit\u00e0 quando si possono avere entrambe? La nostra idea di moda \u00e8 diversa: abiti dalle linee morbide e leggere, dal design unico e ricercato, per una bellezza senza stress.\",\"publisher\":{\"@id\":\"https:\/\/caterinad.it\/#organization\"},\"potentialAction\":[{\"@type\":\"SearchAction\",\"target\":{\"@type\":\"EntryPoint\",\"urlTemplate\":\"https:\/\/caterinad.it\/?s={search_term_string}\"},\"query-input\":{\"@type\":\"PropertyValueSpecification\",\"valueRequired\":true,\"valueName\":\"search_term_string\"}}],\"inLanguage\":\"en-US\"},{\"@type\":\"Organization\",\"@id\":\"https:\/\/caterinad.it\/#organization\",\"name\":\"Caterina D.\",\"alternateName\":\"CaterinaD\",\"url\":\"https:\/\/caterinad.it\/\",\"logo\":{\"@type\":\"ImageObject\",\"inLanguage\":\"en-US\",\"@id\":\"https:\/\/caterinad.it\/#\/schema\/logo\/image\/\",\"url\":\"https:\/\/caterinad.it\/web\/app\/uploads\/2019\/12\/logo-caterina-d-black.png\",\"contentUrl\":\"https:\/\/caterinad.it\/web\/app\/uploads\/2019\/12\/logo-caterina-d-black.png\",\"width\":1145,\"height\":236,\"caption\":\"Caterina D.\"},\"image\":{\"@id\":\"https:\/\/caterinad.it\/#\/schema\/logo\/image\/\"},\"sameAs\":[\"https:\/\/www.facebook.com\/Caterina.D.Collection\",\"https:\/\/www.instagram.com\/caterina.d.collection\"]}]}<\/script>\n<!-- \/ Yoast SEO plugin. -->","yoast_head_json":{"title":"Wide-leg pants in stretch denim - Caterina D.","description":"Discover Caterina D.'s wide-leg denim trousers: contemporary style, comfort, and a versatile fit for your new season looks.","robots":{"index":"index","follow":"follow","max-snippet":"max-snippet:-1","max-image-preview":"max-image-preview:large","max-video-preview":"max-video-preview:-1"},"canonical":"https:\/\/caterinad.it\/en\/product\/wide-leg-pants-in-stretch-denim\/","og_locale":"en_US","og_type":"article","og_title":"Wide-leg pants in stretch denim - Caterina D.","og_description":"Discover Caterina D.'s wide-leg denim trousers: contemporary style, comfort, and a versatile fit for your new season looks.","og_url":"https:\/\/caterinad.it\/en\/product\/wide-leg-pants-in-stretch-denim\/","og_site_name":"Caterina D.","article_publisher":"https:\/\/www.facebook.com\/Caterina.D.Collection","og_image":[{"width":1428,"height":2000,"url":"https:\/\/caterinad.it\/web\/app\/uploads\/2026\/03\/205J.jpg","type":"image\/jpeg"}],"twitter_card":"summary_large_image","schema":{"@context":"https:\/\/schema.org","@graph":[{"@type":"WebPage","@id":"https:\/\/caterinad.it\/en\/product\/wide-leg-pants-in-stretch-denim\/","url":"https:\/\/caterinad.it\/en\/product\/wide-leg-pants-in-stretch-denim\/","name":"Wide-leg pants in stretch denim - Caterina D.","isPartOf":{"@id":"https:\/\/caterinad.it\/#website"},"primaryImageOfPage":{"@id":"https:\/\/caterinad.it\/en\/product\/wide-leg-pants-in-stretch-denim\/#primaryimage"},"image":{"@id":"https:\/\/caterinad.it\/en\/product\/wide-leg-pants-in-stretch-denim\/#primaryimage"},"thumbnailUrl":"https:\/\/caterinad.it\/web\/app\/uploads\/2026\/03\/205J.jpg","datePublished":"2026-03-26T17:22:35+00:00","description":"Discover Caterina D.'s wide-leg denim trousers: contemporary style, comfort, and a versatile fit for your new season looks.","breadcrumb":{"@id":"https:\/\/caterinad.it\/en\/product\/wide-leg-pants-in-stretch-denim\/#breadcrumb"},"inLanguage":"en-US","potentialAction":[{"@type":"ReadAction","target":["https:\/\/caterinad.it\/en\/product\/wide-leg-pants-in-stretch-denim\/"]}]},{"@type":"ImageObject","inLanguage":"en-US","@id":"https:\/\/caterinad.it\/en\/product\/wide-leg-pants-in-stretch-denim\/#primaryimage","url":"https:\/\/caterinad.it\/web\/app\/uploads\/2026\/03\/205J.jpg","contentUrl":"https:\/\/caterinad.it\/web\/app\/uploads\/2026\/03\/205J.jpg","width":1428,"height":2000},{"@type":"BreadcrumbList","@id":"https:\/\/caterinad.it\/en\/product\/wide-leg-pants-in-stretch-denim\/#breadcrumb","itemListElement":[{"@type":"ListItem","position":1,"name":"Home","item":"https:\/\/caterinad.it\/en\/"},{"@type":"ListItem","position":2,"name":"Wide-leg pants in stretch denim"}]},{"@type":"WebSite","@id":"https:\/\/caterinad.it\/#website","url":"https:\/\/caterinad.it\/","name":"Caterina D.","description":"Perch\u00e9 scegliere tra eleganza e praticit\u00e0 quando si possono avere entrambe? La nostra idea di moda \u00e8 diversa: abiti dalle linee morbide e leggere, dal design unico e ricercato, per una bellezza senza stress.","publisher":{"@id":"https:\/\/caterinad.it\/#organization"},"potentialAction":[{"@type":"SearchAction","target":{"@type":"EntryPoint","urlTemplate":"https:\/\/caterinad.it\/?s={search_term_string}"},"query-input":{"@type":"PropertyValueSpecification","valueRequired":true,"valueName":"search_term_string"}}],"inLanguage":"en-US"},{"@type":"Organization","@id":"https:\/\/caterinad.it\/#organization","name":"Caterina D.","alternateName":"CaterinaD","url":"https:\/\/caterinad.it\/","logo":{"@type":"ImageObject","inLanguage":"en-US","@id":"https:\/\/caterinad.it\/#\/schema\/logo\/image\/","url":"https:\/\/caterinad.it\/web\/app\/uploads\/2019\/12\/logo-caterina-d-black.png","contentUrl":"https:\/\/caterinad.it\/web\/app\/uploads\/2019\/12\/logo-caterina-d-black.png","width":1145,"height":236,"caption":"Caterina D."},"image":{"@id":"https:\/\/caterinad.it\/#\/schema\/logo\/image\/"},"sameAs":["https:\/\/www.facebook.com\/Caterina.D.Collection","https:\/\/www.instagram.com\/caterina.d.collection"]}]}},"_links":{"self":[{"href":"https:\/\/caterinad.it\/en\/wp-json\/wp\/v2\/product\/21834","targetHints":{"allow":["GET"]}}],"collection":[{"href":"https:\/\/caterinad.it\/en\/wp-json\/wp\/v2\/product"}],"about":[{"href":"https:\/\/caterinad.it\/en\/wp-json\/wp\/v2\/types\/product"}],"wp:featuredmedia":[{"embeddable":true,"href":"https:\/\/caterinad.it\/en\/wp-json\/wp\/v2\/media\/21025"}],"wp:attachment":[{"href":"https:\/\/caterinad.it\/en\/wp-json\/wp\/v2\/media?parent=21834"}],"wp:term":[{"taxonomy":"product_brand","embeddable":true,"href":"https:\/\/caterinad.it\/en\/wp-json\/wp\/v2\/product_brand?post=21834"},{"taxonomy":"product_cat","embeddable":true,"href":"https:\/\/caterinad.it\/en\/wp-json\/wp\/v2\/product_cat?post=21834"},{"taxonomy":"product_tag","embeddable":true,"href":"https:\/\/caterinad.it\/en\/wp-json\/wp\/v2\/product_tag?post=21834"}],"curies":[{"name":"wp","href":"https:\/\/api.w.org\/{rel}","templated":true}]}}