{"id":18103,"date":"2025-08-26T15:34:36","date_gmt":"2025-09-05T08:23:16","guid":{"rendered":"https:\/\/caterinad.it\/product\/cashmere-blend-leggings\/"},"modified":"2025-09-05T08:23:16","modified_gmt":"2025-09-05T08:23:16","slug":"cashmere-blend-leggings","status":"publish","type":"product","link":"https:\/\/caterinad.it\/en\/product\/cashmere-blend-leggings\/","title":{"rendered":"Cashmere blend leggings"},"content":{"rendered":"<p style=\"font-weight: 400;\">Long trousers with tapered leg made of comfortable stretch jersey, very light viscose and cashmere blend, equipped with soft elastic waistband that makes it even more comfortable to wear. It adapts to every physique, perfect day and night. <\/p>\n","protected":false},"excerpt":{"rendered":"<p>Long trousers with tapered leg made of comfortable stretch jersey, very light viscose and cashmere blend, equipped with soft elastic&#8230;<\/p>\n","protected":false},"featured_media":16199,"template":"","meta":{"_acf_changed":false},"product_brand":[],"product_cat":[348,435],"product_tag":[616],"class_list":{"0":"post-18103","1":"product","2":"type-product","3":"status-publish","4":"has-post-thumbnail","6":"product_cat-clothing","7":"product_cat-trousers","8":"product_tag-fall-winter-2025","10":"first","11":"instock","12":"shipping-taxable","13":"product-type-variable"},"acf":[],"yoast_head":"<!-- This site is optimized with the Yoast SEO plugin v26.9 - https:\/\/yoast.com\/product\/yoast-seo-wordpress\/ -->\n<title>Cashmere blend leggings - Caterina D.<\/title>\n<meta name=\"description\" content=\"Discover all the garments of the cashmere blend series of the new Caterina D. autumn\/winter collection and wear the style and comfort of made in Italy fashion!\" \/>\n<meta name=\"robots\" content=\"index, follow, max-snippet:-1, max-image-preview:large, max-video-preview:-1\" \/>\n<link rel=\"canonical\" href=\"https:\/\/caterinad.it\/en\/product\/cashmere-blend-leggings\/\" \/>\n<meta property=\"og:locale\" content=\"en_US\" \/>\n<meta property=\"og:type\" content=\"article\" \/>\n<meta property=\"og:title\" content=\"Cashmere blend leggings - Caterina D.\" \/>\n<meta property=\"og:description\" content=\"Discover all the garments of the cashmere blend series of the new Caterina D. autumn\/winter collection and wear the style and comfort of made in Italy fashion!\" \/>\n<meta property=\"og:url\" content=\"https:\/\/caterinad.it\/en\/product\/cashmere-blend-leggings\/\" \/>\n<meta property=\"og:site_name\" content=\"Caterina D.\" \/>\n<meta property=\"article:publisher\" content=\"https:\/\/www.facebook.com\/Caterina.D.Collection\" \/>\n<meta property=\"og:image\" content=\"https:\/\/caterinad.it\/web\/app\/uploads\/2025\/08\/leggingsmistocashmere.jpg\" \/>\n\t<meta property=\"og:image:width\" content=\"1037\" \/>\n\t<meta property=\"og:image:height\" content=\"1441\" \/>\n\t<meta property=\"og:image:type\" content=\"image\/jpeg\" \/>\n<meta name=\"twitter:card\" content=\"summary_large_image\" \/>\n<script type=\"application\/ld+json\" class=\"yoast-schema-graph\">{\"@context\":\"https:\/\/schema.org\",\"@graph\":[{\"@type\":\"WebPage\",\"@id\":\"https:\/\/caterinad.it\/en\/product\/cashmere-blend-leggings\/\",\"url\":\"https:\/\/caterinad.it\/en\/product\/cashmere-blend-leggings\/\",\"name\":\"Cashmere blend leggings - Caterina D.\",\"isPartOf\":{\"@id\":\"https:\/\/caterinad.it\/#website\"},\"primaryImageOfPage\":{\"@id\":\"https:\/\/caterinad.it\/en\/product\/cashmere-blend-leggings\/#primaryimage\"},\"image\":{\"@id\":\"https:\/\/caterinad.it\/en\/product\/cashmere-blend-leggings\/#primaryimage\"},\"thumbnailUrl\":\"https:\/\/caterinad.it\/web\/app\/uploads\/2025\/08\/leggingsmistocashmere.jpg\",\"datePublished\":\"2025-09-05T08:23:16+00:00\",\"description\":\"Discover all the garments of the cashmere blend series of the new Caterina D. autumn\/winter collection and wear the style and comfort of made in Italy fashion!\",\"breadcrumb\":{\"@id\":\"https:\/\/caterinad.it\/en\/product\/cashmere-blend-leggings\/#breadcrumb\"},\"inLanguage\":\"en-US\",\"potentialAction\":[{\"@type\":\"ReadAction\",\"target\":[\"https:\/\/caterinad.it\/en\/product\/cashmere-blend-leggings\/\"]}]},{\"@type\":\"ImageObject\",\"inLanguage\":\"en-US\",\"@id\":\"https:\/\/caterinad.it\/en\/product\/cashmere-blend-leggings\/#primaryimage\",\"url\":\"https:\/\/caterinad.it\/web\/app\/uploads\/2025\/08\/leggingsmistocashmere.jpg\",\"contentUrl\":\"https:\/\/caterinad.it\/web\/app\/uploads\/2025\/08\/leggingsmistocashmere.jpg\",\"width\":1037,\"height\":1441},{\"@type\":\"BreadcrumbList\",\"@id\":\"https:\/\/caterinad.it\/en\/product\/cashmere-blend-leggings\/#breadcrumb\",\"itemListElement\":[{\"@type\":\"ListItem\",\"position\":1,\"name\":\"Home\",\"item\":\"https:\/\/caterinad.it\/en\/\"},{\"@type\":\"ListItem\",\"position\":2,\"name\":\"Cashmere blend leggings\"}]},{\"@type\":\"WebSite\",\"@id\":\"https:\/\/caterinad.it\/#website\",\"url\":\"https:\/\/caterinad.it\/\",\"name\":\"Caterina D.\",\"description\":\"Perch\u00e9 scegliere tra eleganza e praticit\u00e0 quando si possono avere entrambe? La nostra idea di moda \u00e8 diversa: abiti dalle linee morbide e leggere, dal design unico e ricercato, per una bellezza senza stress.\",\"publisher\":{\"@id\":\"https:\/\/caterinad.it\/#organization\"},\"potentialAction\":[{\"@type\":\"SearchAction\",\"target\":{\"@type\":\"EntryPoint\",\"urlTemplate\":\"https:\/\/caterinad.it\/?s={search_term_string}\"},\"query-input\":{\"@type\":\"PropertyValueSpecification\",\"valueRequired\":true,\"valueName\":\"search_term_string\"}}],\"inLanguage\":\"en-US\"},{\"@type\":\"Organization\",\"@id\":\"https:\/\/caterinad.it\/#organization\",\"name\":\"Caterina D.\",\"alternateName\":\"CaterinaD\",\"url\":\"https:\/\/caterinad.it\/\",\"logo\":{\"@type\":\"ImageObject\",\"inLanguage\":\"en-US\",\"@id\":\"https:\/\/caterinad.it\/#\/schema\/logo\/image\/\",\"url\":\"https:\/\/caterinad.it\/web\/app\/uploads\/2019\/12\/logo-caterina-d-black.png\",\"contentUrl\":\"https:\/\/caterinad.it\/web\/app\/uploads\/2019\/12\/logo-caterina-d-black.png\",\"width\":1145,\"height\":236,\"caption\":\"Caterina D.\"},\"image\":{\"@id\":\"https:\/\/caterinad.it\/#\/schema\/logo\/image\/\"},\"sameAs\":[\"https:\/\/www.facebook.com\/Caterina.D.Collection\",\"https:\/\/www.instagram.com\/caterina.d.collection\"]}]}<\/script>\n<!-- \/ Yoast SEO plugin. -->","yoast_head_json":{"title":"Cashmere blend leggings - Caterina D.","description":"Discover all the garments of the cashmere blend series of the new Caterina D. autumn\/winter collection and wear the style and comfort of made in Italy fashion!","robots":{"index":"index","follow":"follow","max-snippet":"max-snippet:-1","max-image-preview":"max-image-preview:large","max-video-preview":"max-video-preview:-1"},"canonical":"https:\/\/caterinad.it\/en\/product\/cashmere-blend-leggings\/","og_locale":"en_US","og_type":"article","og_title":"Cashmere blend leggings - Caterina D.","og_description":"Discover all the garments of the cashmere blend series of the new Caterina D. autumn\/winter collection and wear the style and comfort of made in Italy fashion!","og_url":"https:\/\/caterinad.it\/en\/product\/cashmere-blend-leggings\/","og_site_name":"Caterina D.","article_publisher":"https:\/\/www.facebook.com\/Caterina.D.Collection","og_image":[{"width":1037,"height":1441,"url":"https:\/\/caterinad.it\/web\/app\/uploads\/2025\/08\/leggingsmistocashmere.jpg","type":"image\/jpeg"}],"twitter_card":"summary_large_image","schema":{"@context":"https:\/\/schema.org","@graph":[{"@type":"WebPage","@id":"https:\/\/caterinad.it\/en\/product\/cashmere-blend-leggings\/","url":"https:\/\/caterinad.it\/en\/product\/cashmere-blend-leggings\/","name":"Cashmere blend leggings - Caterina D.","isPartOf":{"@id":"https:\/\/caterinad.it\/#website"},"primaryImageOfPage":{"@id":"https:\/\/caterinad.it\/en\/product\/cashmere-blend-leggings\/#primaryimage"},"image":{"@id":"https:\/\/caterinad.it\/en\/product\/cashmere-blend-leggings\/#primaryimage"},"thumbnailUrl":"https:\/\/caterinad.it\/web\/app\/uploads\/2025\/08\/leggingsmistocashmere.jpg","datePublished":"2025-09-05T08:23:16+00:00","description":"Discover all the garments of the cashmere blend series of the new Caterina D. autumn\/winter collection and wear the style and comfort of made in Italy fashion!","breadcrumb":{"@id":"https:\/\/caterinad.it\/en\/product\/cashmere-blend-leggings\/#breadcrumb"},"inLanguage":"en-US","potentialAction":[{"@type":"ReadAction","target":["https:\/\/caterinad.it\/en\/product\/cashmere-blend-leggings\/"]}]},{"@type":"ImageObject","inLanguage":"en-US","@id":"https:\/\/caterinad.it\/en\/product\/cashmere-blend-leggings\/#primaryimage","url":"https:\/\/caterinad.it\/web\/app\/uploads\/2025\/08\/leggingsmistocashmere.jpg","contentUrl":"https:\/\/caterinad.it\/web\/app\/uploads\/2025\/08\/leggingsmistocashmere.jpg","width":1037,"height":1441},{"@type":"BreadcrumbList","@id":"https:\/\/caterinad.it\/en\/product\/cashmere-blend-leggings\/#breadcrumb","itemListElement":[{"@type":"ListItem","position":1,"name":"Home","item":"https:\/\/caterinad.it\/en\/"},{"@type":"ListItem","position":2,"name":"Cashmere blend leggings"}]},{"@type":"WebSite","@id":"https:\/\/caterinad.it\/#website","url":"https:\/\/caterinad.it\/","name":"Caterina D.","description":"Perch\u00e9 scegliere tra eleganza e praticit\u00e0 quando si possono avere entrambe? La nostra idea di moda \u00e8 diversa: abiti dalle linee morbide e leggere, dal design unico e ricercato, per una bellezza senza stress.","publisher":{"@id":"https:\/\/caterinad.it\/#organization"},"potentialAction":[{"@type":"SearchAction","target":{"@type":"EntryPoint","urlTemplate":"https:\/\/caterinad.it\/?s={search_term_string}"},"query-input":{"@type":"PropertyValueSpecification","valueRequired":true,"valueName":"search_term_string"}}],"inLanguage":"en-US"},{"@type":"Organization","@id":"https:\/\/caterinad.it\/#organization","name":"Caterina D.","alternateName":"CaterinaD","url":"https:\/\/caterinad.it\/","logo":{"@type":"ImageObject","inLanguage":"en-US","@id":"https:\/\/caterinad.it\/#\/schema\/logo\/image\/","url":"https:\/\/caterinad.it\/web\/app\/uploads\/2019\/12\/logo-caterina-d-black.png","contentUrl":"https:\/\/caterinad.it\/web\/app\/uploads\/2019\/12\/logo-caterina-d-black.png","width":1145,"height":236,"caption":"Caterina D."},"image":{"@id":"https:\/\/caterinad.it\/#\/schema\/logo\/image\/"},"sameAs":["https:\/\/www.facebook.com\/Caterina.D.Collection","https:\/\/www.instagram.com\/caterina.d.collection"]}]}},"_links":{"self":[{"href":"https:\/\/caterinad.it\/en\/wp-json\/wp\/v2\/product\/18103","targetHints":{"allow":["GET"]}}],"collection":[{"href":"https:\/\/caterinad.it\/en\/wp-json\/wp\/v2\/product"}],"about":[{"href":"https:\/\/caterinad.it\/en\/wp-json\/wp\/v2\/types\/product"}],"wp:featuredmedia":[{"embeddable":true,"href":"https:\/\/caterinad.it\/en\/wp-json\/wp\/v2\/media\/16199"}],"wp:attachment":[{"href":"https:\/\/caterinad.it\/en\/wp-json\/wp\/v2\/media?parent=18103"}],"wp:term":[{"taxonomy":"product_brand","embeddable":true,"href":"https:\/\/caterinad.it\/en\/wp-json\/wp\/v2\/product_brand?post=18103"},{"taxonomy":"product_cat","embeddable":true,"href":"https:\/\/caterinad.it\/en\/wp-json\/wp\/v2\/product_cat?post=18103"},{"taxonomy":"product_tag","embeddable":true,"href":"https:\/\/caterinad.it\/en\/wp-json\/wp\/v2\/product_tag?post=18103"}],"curies":[{"name":"wp","href":"https:\/\/api.w.org\/{rel}","templated":true}]}}