{"id":17571,"date":"2025-08-28T16:14:37","date_gmt":"2025-09-05T08:14:07","guid":{"rendered":"https:\/\/caterinad.it\/product\/comfort-shirt\/"},"modified":"2025-09-05T08:14:07","modified_gmt":"2025-09-05T08:14:07","slug":"comfort-shirt","status":"publish","type":"product","link":"https:\/\/caterinad.it\/en\/product\/comfort-shirt\/","title":{"rendered":"Comfort shirt"},"content":{"rendered":"<p style=\"font-weight: 400;\">Classic shirt with front and sleeves made of stretch viscose poplin and back in warm and comfortable lightweight jersey blend viscose and stretch cashmere. Shirt collar with piping, opening all in front with matching transparent buttons, long sleeves with cuff closed by buttons, yoke shoulder in the back. A timeless garment, to be worn alone or to play with layers.  <\/p>\n","protected":false},"excerpt":{"rendered":"<p>Classic shirt with front and sleeves made of stretch viscose poplin and back in warm and comfortable lightweight jersey blend&#8230;<\/p>\n","protected":false},"featured_media":16932,"template":"","meta":{"_acf_changed":false},"product_brand":[],"product_cat":[348,429],"product_tag":[616],"class_list":{"0":"post-17571","1":"product","2":"type-product","3":"status-publish","4":"has-post-thumbnail","6":"product_cat-clothing","7":"product_cat-shirts-and-blouses","8":"product_tag-fall-winter-2025","10":"first","11":"instock","12":"shipping-taxable","13":"product-type-variable"},"acf":[],"yoast_head":"<!-- This site is optimized with the Yoast SEO plugin v26.9 - https:\/\/yoast.com\/product\/yoast-seo-wordpress\/ -->\n<title>Comfort shirt - Caterina D.<\/title>\n<meta name=\"description\" content=\"Discover the garments of the new winter collection by Caterina D. and wear the style and comfort of made in Italy fashion, perfect for all women!\" \/>\n<meta name=\"robots\" content=\"index, follow, max-snippet:-1, max-image-preview:large, max-video-preview:-1\" \/>\n<link rel=\"canonical\" href=\"https:\/\/caterinad.it\/en\/product\/comfort-shirt\/\" \/>\n<meta property=\"og:locale\" content=\"en_US\" \/>\n<meta property=\"og:type\" content=\"article\" \/>\n<meta property=\"og:title\" content=\"Comfort shirt - Caterina D.\" \/>\n<meta property=\"og:description\" content=\"Discover the garments of the new winter collection by Caterina D. and wear the style and comfort of made in Italy fashion, perfect for all women!\" \/>\n<meta property=\"og:url\" content=\"https:\/\/caterinad.it\/en\/product\/comfort-shirt\/\" \/>\n<meta property=\"og:site_name\" content=\"Caterina D.\" \/>\n<meta property=\"article:publisher\" content=\"https:\/\/www.facebook.com\/Caterina.D.Collection\" \/>\n<meta property=\"og:image\" content=\"https:\/\/caterinad.it\/web\/app\/uploads\/2025\/08\/IMG_1102-scaled.jpg\" \/>\n\t<meta property=\"og:image:width\" content=\"1768\" \/>\n\t<meta property=\"og:image:height\" content=\"2560\" \/>\n\t<meta property=\"og:image:type\" content=\"image\/jpeg\" \/>\n<meta name=\"twitter:card\" content=\"summary_large_image\" \/>\n<script type=\"application\/ld+json\" class=\"yoast-schema-graph\">{\"@context\":\"https:\/\/schema.org\",\"@graph\":[{\"@type\":\"WebPage\",\"@id\":\"https:\/\/caterinad.it\/en\/product\/comfort-shirt\/\",\"url\":\"https:\/\/caterinad.it\/en\/product\/comfort-shirt\/\",\"name\":\"Comfort shirt - Caterina D.\",\"isPartOf\":{\"@id\":\"https:\/\/caterinad.it\/#website\"},\"primaryImageOfPage\":{\"@id\":\"https:\/\/caterinad.it\/en\/product\/comfort-shirt\/#primaryimage\"},\"image\":{\"@id\":\"https:\/\/caterinad.it\/en\/product\/comfort-shirt\/#primaryimage\"},\"thumbnailUrl\":\"https:\/\/caterinad.it\/web\/app\/uploads\/2025\/08\/IMG_1102-scaled.jpg\",\"datePublished\":\"2025-09-05T08:14:07+00:00\",\"description\":\"Discover the garments of the new winter collection by Caterina D. and wear the style and comfort of made in Italy fashion, perfect for all women!\",\"breadcrumb\":{\"@id\":\"https:\/\/caterinad.it\/en\/product\/comfort-shirt\/#breadcrumb\"},\"inLanguage\":\"en-US\",\"potentialAction\":[{\"@type\":\"ReadAction\",\"target\":[\"https:\/\/caterinad.it\/en\/product\/comfort-shirt\/\"]}]},{\"@type\":\"ImageObject\",\"inLanguage\":\"en-US\",\"@id\":\"https:\/\/caterinad.it\/en\/product\/comfort-shirt\/#primaryimage\",\"url\":\"https:\/\/caterinad.it\/web\/app\/uploads\/2025\/08\/IMG_1102-scaled.jpg\",\"contentUrl\":\"https:\/\/caterinad.it\/web\/app\/uploads\/2025\/08\/IMG_1102-scaled.jpg\",\"width\":1768,\"height\":2560},{\"@type\":\"BreadcrumbList\",\"@id\":\"https:\/\/caterinad.it\/en\/product\/comfort-shirt\/#breadcrumb\",\"itemListElement\":[{\"@type\":\"ListItem\",\"position\":1,\"name\":\"Home\",\"item\":\"https:\/\/caterinad.it\/en\/\"},{\"@type\":\"ListItem\",\"position\":2,\"name\":\"Comfort shirt\"}]},{\"@type\":\"WebSite\",\"@id\":\"https:\/\/caterinad.it\/#website\",\"url\":\"https:\/\/caterinad.it\/\",\"name\":\"Caterina D.\",\"description\":\"Perch\u00e9 scegliere tra eleganza e praticit\u00e0 quando si possono avere entrambe? La nostra idea di moda \u00e8 diversa: abiti dalle linee morbide e leggere, dal design unico e ricercato, per una bellezza senza stress.\",\"publisher\":{\"@id\":\"https:\/\/caterinad.it\/#organization\"},\"potentialAction\":[{\"@type\":\"SearchAction\",\"target\":{\"@type\":\"EntryPoint\",\"urlTemplate\":\"https:\/\/caterinad.it\/?s={search_term_string}\"},\"query-input\":{\"@type\":\"PropertyValueSpecification\",\"valueRequired\":true,\"valueName\":\"search_term_string\"}}],\"inLanguage\":\"en-US\"},{\"@type\":\"Organization\",\"@id\":\"https:\/\/caterinad.it\/#organization\",\"name\":\"Caterina D.\",\"alternateName\":\"CaterinaD\",\"url\":\"https:\/\/caterinad.it\/\",\"logo\":{\"@type\":\"ImageObject\",\"inLanguage\":\"en-US\",\"@id\":\"https:\/\/caterinad.it\/#\/schema\/logo\/image\/\",\"url\":\"https:\/\/caterinad.it\/web\/app\/uploads\/2019\/12\/logo-caterina-d-black.png\",\"contentUrl\":\"https:\/\/caterinad.it\/web\/app\/uploads\/2019\/12\/logo-caterina-d-black.png\",\"width\":1145,\"height\":236,\"caption\":\"Caterina D.\"},\"image\":{\"@id\":\"https:\/\/caterinad.it\/#\/schema\/logo\/image\/\"},\"sameAs\":[\"https:\/\/www.facebook.com\/Caterina.D.Collection\",\"https:\/\/www.instagram.com\/caterina.d.collection\"]}]}<\/script>\n<!-- \/ Yoast SEO plugin. -->","yoast_head_json":{"title":"Comfort shirt - Caterina D.","description":"Discover the garments of the new winter collection by Caterina D. and wear the style and comfort of made in Italy fashion, perfect for all women!","robots":{"index":"index","follow":"follow","max-snippet":"max-snippet:-1","max-image-preview":"max-image-preview:large","max-video-preview":"max-video-preview:-1"},"canonical":"https:\/\/caterinad.it\/en\/product\/comfort-shirt\/","og_locale":"en_US","og_type":"article","og_title":"Comfort shirt - Caterina D.","og_description":"Discover the garments of the new winter collection by Caterina D. and wear the style and comfort of made in Italy fashion, perfect for all women!","og_url":"https:\/\/caterinad.it\/en\/product\/comfort-shirt\/","og_site_name":"Caterina D.","article_publisher":"https:\/\/www.facebook.com\/Caterina.D.Collection","og_image":[{"width":1768,"height":2560,"url":"https:\/\/caterinad.it\/web\/app\/uploads\/2025\/08\/IMG_1102-scaled.jpg","type":"image\/jpeg"}],"twitter_card":"summary_large_image","schema":{"@context":"https:\/\/schema.org","@graph":[{"@type":"WebPage","@id":"https:\/\/caterinad.it\/en\/product\/comfort-shirt\/","url":"https:\/\/caterinad.it\/en\/product\/comfort-shirt\/","name":"Comfort shirt - Caterina D.","isPartOf":{"@id":"https:\/\/caterinad.it\/#website"},"primaryImageOfPage":{"@id":"https:\/\/caterinad.it\/en\/product\/comfort-shirt\/#primaryimage"},"image":{"@id":"https:\/\/caterinad.it\/en\/product\/comfort-shirt\/#primaryimage"},"thumbnailUrl":"https:\/\/caterinad.it\/web\/app\/uploads\/2025\/08\/IMG_1102-scaled.jpg","datePublished":"2025-09-05T08:14:07+00:00","description":"Discover the garments of the new winter collection by Caterina D. and wear the style and comfort of made in Italy fashion, perfect for all women!","breadcrumb":{"@id":"https:\/\/caterinad.it\/en\/product\/comfort-shirt\/#breadcrumb"},"inLanguage":"en-US","potentialAction":[{"@type":"ReadAction","target":["https:\/\/caterinad.it\/en\/product\/comfort-shirt\/"]}]},{"@type":"ImageObject","inLanguage":"en-US","@id":"https:\/\/caterinad.it\/en\/product\/comfort-shirt\/#primaryimage","url":"https:\/\/caterinad.it\/web\/app\/uploads\/2025\/08\/IMG_1102-scaled.jpg","contentUrl":"https:\/\/caterinad.it\/web\/app\/uploads\/2025\/08\/IMG_1102-scaled.jpg","width":1768,"height":2560},{"@type":"BreadcrumbList","@id":"https:\/\/caterinad.it\/en\/product\/comfort-shirt\/#breadcrumb","itemListElement":[{"@type":"ListItem","position":1,"name":"Home","item":"https:\/\/caterinad.it\/en\/"},{"@type":"ListItem","position":2,"name":"Comfort shirt"}]},{"@type":"WebSite","@id":"https:\/\/caterinad.it\/#website","url":"https:\/\/caterinad.it\/","name":"Caterina D.","description":"Perch\u00e9 scegliere tra eleganza e praticit\u00e0 quando si possono avere entrambe? La nostra idea di moda \u00e8 diversa: abiti dalle linee morbide e leggere, dal design unico e ricercato, per una bellezza senza stress.","publisher":{"@id":"https:\/\/caterinad.it\/#organization"},"potentialAction":[{"@type":"SearchAction","target":{"@type":"EntryPoint","urlTemplate":"https:\/\/caterinad.it\/?s={search_term_string}"},"query-input":{"@type":"PropertyValueSpecification","valueRequired":true,"valueName":"search_term_string"}}],"inLanguage":"en-US"},{"@type":"Organization","@id":"https:\/\/caterinad.it\/#organization","name":"Caterina D.","alternateName":"CaterinaD","url":"https:\/\/caterinad.it\/","logo":{"@type":"ImageObject","inLanguage":"en-US","@id":"https:\/\/caterinad.it\/#\/schema\/logo\/image\/","url":"https:\/\/caterinad.it\/web\/app\/uploads\/2019\/12\/logo-caterina-d-black.png","contentUrl":"https:\/\/caterinad.it\/web\/app\/uploads\/2019\/12\/logo-caterina-d-black.png","width":1145,"height":236,"caption":"Caterina D."},"image":{"@id":"https:\/\/caterinad.it\/#\/schema\/logo\/image\/"},"sameAs":["https:\/\/www.facebook.com\/Caterina.D.Collection","https:\/\/www.instagram.com\/caterina.d.collection"]}]}},"_links":{"self":[{"href":"https:\/\/caterinad.it\/en\/wp-json\/wp\/v2\/product\/17571","targetHints":{"allow":["GET"]}}],"collection":[{"href":"https:\/\/caterinad.it\/en\/wp-json\/wp\/v2\/product"}],"about":[{"href":"https:\/\/caterinad.it\/en\/wp-json\/wp\/v2\/types\/product"}],"wp:featuredmedia":[{"embeddable":true,"href":"https:\/\/caterinad.it\/en\/wp-json\/wp\/v2\/media\/16932"}],"wp:attachment":[{"href":"https:\/\/caterinad.it\/en\/wp-json\/wp\/v2\/media?parent=17571"}],"wp:term":[{"taxonomy":"product_brand","embeddable":true,"href":"https:\/\/caterinad.it\/en\/wp-json\/wp\/v2\/product_brand?post=17571"},{"taxonomy":"product_cat","embeddable":true,"href":"https:\/\/caterinad.it\/en\/wp-json\/wp\/v2\/product_cat?post=17571"},{"taxonomy":"product_tag","embeddable":true,"href":"https:\/\/caterinad.it\/en\/wp-json\/wp\/v2\/product_tag?post=17571"}],"curies":[{"name":"wp","href":"https:\/\/api.w.org\/{rel}","templated":true}]}}