{"id":17541,"date":"2025-08-29T11:11:35","date_gmt":"2025-09-05T08:14:05","guid":{"rendered":"https:\/\/caterinad.it\/product\/pinstripe-blazer\/"},"modified":"2025-09-05T08:14:05","modified_gmt":"2025-09-05T08:14:05","slug":"pinstripe-blazer","status":"publish","type":"product","link":"https:\/\/caterinad.it\/en\/product\/pinstripe-blazer\/","title":{"rendered":"Pinstripe blazer"},"content":{"rendered":"<p style=\"font-weight: 400;\">Elegant blazer in heavy stretch jersey with pinstripe stripes. Classic jacket collar, comfortable and practical detachable sash belt, hidden pockets in the front with welt entry on the sides. Perfect for an office outfit.  <\/p>\n","protected":false},"excerpt":{"rendered":"<p>Elegant blazer in heavy stretch jersey with pinstripe stripes. Classic jacket collar, comfortable and practical detachable sash belt, hidden pockets&#8230;<\/p>\n","protected":false},"featured_media":17337,"template":"","meta":{"_acf_changed":false},"product_brand":[],"product_cat":[563],"product_tag":[616],"class_list":{"0":"post-17541","1":"product","2":"type-product","3":"status-publish","4":"has-post-thumbnail","6":"product_cat-jackets-and-cardigans","7":"product_tag-fall-winter-2025","9":"first","10":"instock","11":"shipping-taxable","12":"product-type-variable"},"acf":[],"yoast_head":"<!-- This site is optimized with the Yoast SEO plugin v26.9 - https:\/\/yoast.com\/product\/yoast-seo-wordpress\/ -->\n<title>Pinstripe blazer - Caterina D.<\/title>\n<meta name=\"description\" content=\"Discover the garments of the new winter collection by Caterina D. and wear the style and comfort of made in Italy fashion, perfect for all women!\" \/>\n<meta name=\"robots\" content=\"index, follow, max-snippet:-1, max-image-preview:large, max-video-preview:-1\" \/>\n<link rel=\"canonical\" href=\"https:\/\/caterinad.it\/en\/product\/pinstripe-blazer\/\" \/>\n<meta property=\"og:locale\" content=\"en_US\" \/>\n<meta property=\"og:type\" content=\"article\" \/>\n<meta property=\"og:title\" content=\"Pinstripe blazer - Caterina D.\" \/>\n<meta property=\"og:description\" content=\"Discover the garments of the new winter collection by Caterina D. and wear the style and comfort of made in Italy fashion, perfect for all women!\" \/>\n<meta property=\"og:url\" content=\"https:\/\/caterinad.it\/en\/product\/pinstripe-blazer\/\" \/>\n<meta property=\"og:site_name\" content=\"Caterina D.\" \/>\n<meta property=\"article:publisher\" content=\"https:\/\/www.facebook.com\/Caterina.D.Collection\" \/>\n<meta property=\"og:image\" content=\"https:\/\/caterinad.it\/web\/app\/uploads\/2025\/08\/IMG_0518-1-scaled.jpg\" \/>\n\t<meta property=\"og:image:width\" content=\"1768\" \/>\n\t<meta property=\"og:image:height\" content=\"2560\" \/>\n\t<meta property=\"og:image:type\" content=\"image\/jpeg\" \/>\n<meta name=\"twitter:card\" content=\"summary_large_image\" \/>\n<script type=\"application\/ld+json\" class=\"yoast-schema-graph\">{\"@context\":\"https:\/\/schema.org\",\"@graph\":[{\"@type\":\"WebPage\",\"@id\":\"https:\/\/caterinad.it\/en\/product\/pinstripe-blazer\/\",\"url\":\"https:\/\/caterinad.it\/en\/product\/pinstripe-blazer\/\",\"name\":\"Pinstripe blazer - Caterina D.\",\"isPartOf\":{\"@id\":\"https:\/\/caterinad.it\/#website\"},\"primaryImageOfPage\":{\"@id\":\"https:\/\/caterinad.it\/en\/product\/pinstripe-blazer\/#primaryimage\"},\"image\":{\"@id\":\"https:\/\/caterinad.it\/en\/product\/pinstripe-blazer\/#primaryimage\"},\"thumbnailUrl\":\"https:\/\/caterinad.it\/web\/app\/uploads\/2025\/08\/IMG_0518-1-scaled.jpg\",\"datePublished\":\"2025-09-05T08:14:05+00:00\",\"description\":\"Discover the garments of the new winter collection by Caterina D. and wear the style and comfort of made in Italy fashion, perfect for all women!\",\"breadcrumb\":{\"@id\":\"https:\/\/caterinad.it\/en\/product\/pinstripe-blazer\/#breadcrumb\"},\"inLanguage\":\"en-US\",\"potentialAction\":[{\"@type\":\"ReadAction\",\"target\":[\"https:\/\/caterinad.it\/en\/product\/pinstripe-blazer\/\"]}]},{\"@type\":\"ImageObject\",\"inLanguage\":\"en-US\",\"@id\":\"https:\/\/caterinad.it\/en\/product\/pinstripe-blazer\/#primaryimage\",\"url\":\"https:\/\/caterinad.it\/web\/app\/uploads\/2025\/08\/IMG_0518-1-scaled.jpg\",\"contentUrl\":\"https:\/\/caterinad.it\/web\/app\/uploads\/2025\/08\/IMG_0518-1-scaled.jpg\",\"width\":1768,\"height\":2560},{\"@type\":\"BreadcrumbList\",\"@id\":\"https:\/\/caterinad.it\/en\/product\/pinstripe-blazer\/#breadcrumb\",\"itemListElement\":[{\"@type\":\"ListItem\",\"position\":1,\"name\":\"Home\",\"item\":\"https:\/\/caterinad.it\/en\/\"},{\"@type\":\"ListItem\",\"position\":2,\"name\":\"Pinstripe blazer\"}]},{\"@type\":\"WebSite\",\"@id\":\"https:\/\/caterinad.it\/#website\",\"url\":\"https:\/\/caterinad.it\/\",\"name\":\"Caterina D.\",\"description\":\"Perch\u00e9 scegliere tra eleganza e praticit\u00e0 quando si possono avere entrambe? La nostra idea di moda \u00e8 diversa: abiti dalle linee morbide e leggere, dal design unico e ricercato, per una bellezza senza stress.\",\"publisher\":{\"@id\":\"https:\/\/caterinad.it\/#organization\"},\"potentialAction\":[{\"@type\":\"SearchAction\",\"target\":{\"@type\":\"EntryPoint\",\"urlTemplate\":\"https:\/\/caterinad.it\/?s={search_term_string}\"},\"query-input\":{\"@type\":\"PropertyValueSpecification\",\"valueRequired\":true,\"valueName\":\"search_term_string\"}}],\"inLanguage\":\"en-US\"},{\"@type\":\"Organization\",\"@id\":\"https:\/\/caterinad.it\/#organization\",\"name\":\"Caterina D.\",\"alternateName\":\"CaterinaD\",\"url\":\"https:\/\/caterinad.it\/\",\"logo\":{\"@type\":\"ImageObject\",\"inLanguage\":\"en-US\",\"@id\":\"https:\/\/caterinad.it\/#\/schema\/logo\/image\/\",\"url\":\"https:\/\/caterinad.it\/web\/app\/uploads\/2019\/12\/logo-caterina-d-black.png\",\"contentUrl\":\"https:\/\/caterinad.it\/web\/app\/uploads\/2019\/12\/logo-caterina-d-black.png\",\"width\":1145,\"height\":236,\"caption\":\"Caterina D.\"},\"image\":{\"@id\":\"https:\/\/caterinad.it\/#\/schema\/logo\/image\/\"},\"sameAs\":[\"https:\/\/www.facebook.com\/Caterina.D.Collection\",\"https:\/\/www.instagram.com\/caterina.d.collection\"]}]}<\/script>\n<!-- \/ Yoast SEO plugin. -->","yoast_head_json":{"title":"Pinstripe blazer - Caterina D.","description":"Discover the garments of the new winter collection by Caterina D. and wear the style and comfort of made in Italy fashion, perfect for all women!","robots":{"index":"index","follow":"follow","max-snippet":"max-snippet:-1","max-image-preview":"max-image-preview:large","max-video-preview":"max-video-preview:-1"},"canonical":"https:\/\/caterinad.it\/en\/product\/pinstripe-blazer\/","og_locale":"en_US","og_type":"article","og_title":"Pinstripe blazer - Caterina D.","og_description":"Discover the garments of the new winter collection by Caterina D. and wear the style and comfort of made in Italy fashion, perfect for all women!","og_url":"https:\/\/caterinad.it\/en\/product\/pinstripe-blazer\/","og_site_name":"Caterina D.","article_publisher":"https:\/\/www.facebook.com\/Caterina.D.Collection","og_image":[{"width":1768,"height":2560,"url":"https:\/\/caterinad.it\/web\/app\/uploads\/2025\/08\/IMG_0518-1-scaled.jpg","type":"image\/jpeg"}],"twitter_card":"summary_large_image","schema":{"@context":"https:\/\/schema.org","@graph":[{"@type":"WebPage","@id":"https:\/\/caterinad.it\/en\/product\/pinstripe-blazer\/","url":"https:\/\/caterinad.it\/en\/product\/pinstripe-blazer\/","name":"Pinstripe blazer - Caterina D.","isPartOf":{"@id":"https:\/\/caterinad.it\/#website"},"primaryImageOfPage":{"@id":"https:\/\/caterinad.it\/en\/product\/pinstripe-blazer\/#primaryimage"},"image":{"@id":"https:\/\/caterinad.it\/en\/product\/pinstripe-blazer\/#primaryimage"},"thumbnailUrl":"https:\/\/caterinad.it\/web\/app\/uploads\/2025\/08\/IMG_0518-1-scaled.jpg","datePublished":"2025-09-05T08:14:05+00:00","description":"Discover the garments of the new winter collection by Caterina D. and wear the style and comfort of made in Italy fashion, perfect for all women!","breadcrumb":{"@id":"https:\/\/caterinad.it\/en\/product\/pinstripe-blazer\/#breadcrumb"},"inLanguage":"en-US","potentialAction":[{"@type":"ReadAction","target":["https:\/\/caterinad.it\/en\/product\/pinstripe-blazer\/"]}]},{"@type":"ImageObject","inLanguage":"en-US","@id":"https:\/\/caterinad.it\/en\/product\/pinstripe-blazer\/#primaryimage","url":"https:\/\/caterinad.it\/web\/app\/uploads\/2025\/08\/IMG_0518-1-scaled.jpg","contentUrl":"https:\/\/caterinad.it\/web\/app\/uploads\/2025\/08\/IMG_0518-1-scaled.jpg","width":1768,"height":2560},{"@type":"BreadcrumbList","@id":"https:\/\/caterinad.it\/en\/product\/pinstripe-blazer\/#breadcrumb","itemListElement":[{"@type":"ListItem","position":1,"name":"Home","item":"https:\/\/caterinad.it\/en\/"},{"@type":"ListItem","position":2,"name":"Pinstripe blazer"}]},{"@type":"WebSite","@id":"https:\/\/caterinad.it\/#website","url":"https:\/\/caterinad.it\/","name":"Caterina D.","description":"Perch\u00e9 scegliere tra eleganza e praticit\u00e0 quando si possono avere entrambe? La nostra idea di moda \u00e8 diversa: abiti dalle linee morbide e leggere, dal design unico e ricercato, per una bellezza senza stress.","publisher":{"@id":"https:\/\/caterinad.it\/#organization"},"potentialAction":[{"@type":"SearchAction","target":{"@type":"EntryPoint","urlTemplate":"https:\/\/caterinad.it\/?s={search_term_string}"},"query-input":{"@type":"PropertyValueSpecification","valueRequired":true,"valueName":"search_term_string"}}],"inLanguage":"en-US"},{"@type":"Organization","@id":"https:\/\/caterinad.it\/#organization","name":"Caterina D.","alternateName":"CaterinaD","url":"https:\/\/caterinad.it\/","logo":{"@type":"ImageObject","inLanguage":"en-US","@id":"https:\/\/caterinad.it\/#\/schema\/logo\/image\/","url":"https:\/\/caterinad.it\/web\/app\/uploads\/2019\/12\/logo-caterina-d-black.png","contentUrl":"https:\/\/caterinad.it\/web\/app\/uploads\/2019\/12\/logo-caterina-d-black.png","width":1145,"height":236,"caption":"Caterina D."},"image":{"@id":"https:\/\/caterinad.it\/#\/schema\/logo\/image\/"},"sameAs":["https:\/\/www.facebook.com\/Caterina.D.Collection","https:\/\/www.instagram.com\/caterina.d.collection"]}]}},"_links":{"self":[{"href":"https:\/\/caterinad.it\/en\/wp-json\/wp\/v2\/product\/17541","targetHints":{"allow":["GET"]}}],"collection":[{"href":"https:\/\/caterinad.it\/en\/wp-json\/wp\/v2\/product"}],"about":[{"href":"https:\/\/caterinad.it\/en\/wp-json\/wp\/v2\/types\/product"}],"wp:featuredmedia":[{"embeddable":true,"href":"https:\/\/caterinad.it\/en\/wp-json\/wp\/v2\/media\/17337"}],"wp:attachment":[{"href":"https:\/\/caterinad.it\/en\/wp-json\/wp\/v2\/media?parent=17541"}],"wp:term":[{"taxonomy":"product_brand","embeddable":true,"href":"https:\/\/caterinad.it\/en\/wp-json\/wp\/v2\/product_brand?post=17541"},{"taxonomy":"product_cat","embeddable":true,"href":"https:\/\/caterinad.it\/en\/wp-json\/wp\/v2\/product_cat?post=17541"},{"taxonomy":"product_tag","embeddable":true,"href":"https:\/\/caterinad.it\/en\/wp-json\/wp\/v2\/product_tag?post=17541"}],"curies":[{"name":"wp","href":"https:\/\/api.w.org\/{rel}","templated":true}]}}