{"id":13703,"date":"2024-09-02T13:10:56","date_gmt":"2024-09-30T08:11:05","guid":{"rendered":"https:\/\/caterinad.it\/product\/faux-fur-zip-jacket\/"},"modified":"2024-09-30T08:11:05","modified_gmt":"2024-09-30T08:11:05","slug":"zip-jacket-in-faux-fur","status":"publish","type":"product","link":"https:\/\/caterinad.it\/en\/product\/zip-jacket-in-faux-fur\/","title":{"rendered":"Faux fur zip jacket"},"content":{"rendered":"<p>Glamorous and at the same time comfortable, the crewneck jacket made of medium weight Milano stitch fabric with soft faux fur bib will give an extra touch of grit to your looks!<br \/>\nInvisible kangaroo pockets on the front and practical matching zip closure.<\/p>\n","protected":false},"excerpt":{"rendered":"<p>Glamorous and at the same time comfortable, the crewneck jacket made of medium weight Milano stitch fabric with soft faux&#8230;<\/p>\n","protected":false},"featured_media":11489,"template":"","meta":{"_acf_changed":false},"product_brand":[],"product_cat":[348,430],"product_tag":[565],"class_list":{"0":"post-13703","1":"product","2":"type-product","3":"status-publish","4":"has-post-thumbnail","6":"product_cat-clothing","7":"product_cat-outerwear","8":"product_tag-fall-winter-2024","10":"first","11":"instock","12":"shipping-taxable","13":"purchasable","14":"product-type-variable"},"acf":[],"yoast_head":"<!-- This site is optimized with the Yoast SEO plugin v26.9 - https:\/\/yoast.com\/product\/yoast-seo-wordpress\/ -->\n<title>Faux fur zip jacket - Caterina D.<\/title>\n<meta name=\"description\" content=\"Discover the faux fur outerwear of the new Caterina D. autumn\/winter collection and wear the style and comfort of women&#039;s fashion made in Italy!\" \/>\n<meta name=\"robots\" content=\"index, follow, max-snippet:-1, max-image-preview:large, max-video-preview:-1\" \/>\n<link rel=\"canonical\" href=\"https:\/\/caterinad.it\/en\/product\/zip-jacket-in-faux-fur\/\" \/>\n<meta property=\"og:locale\" content=\"en_US\" \/>\n<meta property=\"og:type\" content=\"article\" \/>\n<meta property=\"og:title\" content=\"Faux fur zip jacket - Caterina D.\" \/>\n<meta property=\"og:description\" content=\"Discover the faux fur outerwear of the new Caterina D. autumn\/winter collection and wear the style and comfort of women&#039;s fashion made in Italy!\" \/>\n<meta property=\"og:url\" content=\"https:\/\/caterinad.it\/en\/product\/zip-jacket-in-faux-fur\/\" \/>\n<meta property=\"og:site_name\" content=\"Caterina D.\" \/>\n<meta property=\"article:publisher\" content=\"https:\/\/www.facebook.com\/Caterina.D.Collection\" \/>\n<meta property=\"og:image\" content=\"https:\/\/caterinad.it\/web\/app\/uploads\/2024\/09\/IMG_1115-scaled.jpg\" \/>\n\t<meta property=\"og:image:width\" content=\"1707\" \/>\n\t<meta property=\"og:image:height\" content=\"2560\" \/>\n\t<meta property=\"og:image:type\" content=\"image\/jpeg\" \/>\n<meta name=\"twitter:card\" content=\"summary_large_image\" \/>\n<script type=\"application\/ld+json\" class=\"yoast-schema-graph\">{\"@context\":\"https:\/\/schema.org\",\"@graph\":[{\"@type\":\"WebPage\",\"@id\":\"https:\/\/caterinad.it\/en\/product\/zip-jacket-in-faux-fur\/\",\"url\":\"https:\/\/caterinad.it\/en\/product\/zip-jacket-in-faux-fur\/\",\"name\":\"Faux fur zip jacket - Caterina D.\",\"isPartOf\":{\"@id\":\"https:\/\/caterinad.it\/#website\"},\"primaryImageOfPage\":{\"@id\":\"https:\/\/caterinad.it\/en\/product\/zip-jacket-in-faux-fur\/#primaryimage\"},\"image\":{\"@id\":\"https:\/\/caterinad.it\/en\/product\/zip-jacket-in-faux-fur\/#primaryimage\"},\"thumbnailUrl\":\"https:\/\/caterinad.it\/web\/app\/uploads\/2024\/09\/IMG_1115-scaled.jpg\",\"datePublished\":\"2024-09-30T08:11:05+00:00\",\"description\":\"Discover the faux fur outerwear of the new Caterina D. autumn\/winter collection and wear the style and comfort of women's fashion made in Italy!\",\"breadcrumb\":{\"@id\":\"https:\/\/caterinad.it\/en\/product\/zip-jacket-in-faux-fur\/#breadcrumb\"},\"inLanguage\":\"en-US\",\"potentialAction\":[{\"@type\":\"ReadAction\",\"target\":[\"https:\/\/caterinad.it\/en\/product\/zip-jacket-in-faux-fur\/\"]}]},{\"@type\":\"ImageObject\",\"inLanguage\":\"en-US\",\"@id\":\"https:\/\/caterinad.it\/en\/product\/zip-jacket-in-faux-fur\/#primaryimage\",\"url\":\"https:\/\/caterinad.it\/web\/app\/uploads\/2024\/09\/IMG_1115-scaled.jpg\",\"contentUrl\":\"https:\/\/caterinad.it\/web\/app\/uploads\/2024\/09\/IMG_1115-scaled.jpg\",\"width\":1707,\"height\":2560},{\"@type\":\"BreadcrumbList\",\"@id\":\"https:\/\/caterinad.it\/en\/product\/zip-jacket-in-faux-fur\/#breadcrumb\",\"itemListElement\":[{\"@type\":\"ListItem\",\"position\":1,\"name\":\"Home\",\"item\":\"https:\/\/caterinad.it\/en\/\"},{\"@type\":\"ListItem\",\"position\":2,\"name\":\"Fall\/Winter 2024\",\"item\":\"https:\/\/caterinad.it\/en\/product-tag\/fall-winter-2024\/\"},{\"@type\":\"ListItem\",\"position\":3,\"name\":\"Faux fur zip jacket\"}]},{\"@type\":\"WebSite\",\"@id\":\"https:\/\/caterinad.it\/#website\",\"url\":\"https:\/\/caterinad.it\/\",\"name\":\"Caterina D.\",\"description\":\"Perch\u00e9 scegliere tra eleganza e praticit\u00e0 quando si possono avere entrambe? La nostra idea di moda \u00e8 diversa: abiti dalle linee morbide e leggere, dal design unico e ricercato, per una bellezza senza stress.\",\"publisher\":{\"@id\":\"https:\/\/caterinad.it\/#organization\"},\"potentialAction\":[{\"@type\":\"SearchAction\",\"target\":{\"@type\":\"EntryPoint\",\"urlTemplate\":\"https:\/\/caterinad.it\/?s={search_term_string}\"},\"query-input\":{\"@type\":\"PropertyValueSpecification\",\"valueRequired\":true,\"valueName\":\"search_term_string\"}}],\"inLanguage\":\"en-US\"},{\"@type\":\"Organization\",\"@id\":\"https:\/\/caterinad.it\/#organization\",\"name\":\"Caterina D.\",\"alternateName\":\"CaterinaD\",\"url\":\"https:\/\/caterinad.it\/\",\"logo\":{\"@type\":\"ImageObject\",\"inLanguage\":\"en-US\",\"@id\":\"https:\/\/caterinad.it\/#\/schema\/logo\/image\/\",\"url\":\"https:\/\/caterinad.it\/web\/app\/uploads\/2019\/12\/logo-caterina-d-black.png\",\"contentUrl\":\"https:\/\/caterinad.it\/web\/app\/uploads\/2019\/12\/logo-caterina-d-black.png\",\"width\":1145,\"height\":236,\"caption\":\"Caterina D.\"},\"image\":{\"@id\":\"https:\/\/caterinad.it\/#\/schema\/logo\/image\/\"},\"sameAs\":[\"https:\/\/www.facebook.com\/Caterina.D.Collection\",\"https:\/\/www.instagram.com\/caterina.d.collection\"]}]}<\/script>\n<!-- \/ Yoast SEO plugin. -->","yoast_head_json":{"title":"Faux fur zip jacket - Caterina D.","description":"Discover the faux fur outerwear of the new Caterina D. autumn\/winter collection and wear the style and comfort of women's fashion made in Italy!","robots":{"index":"index","follow":"follow","max-snippet":"max-snippet:-1","max-image-preview":"max-image-preview:large","max-video-preview":"max-video-preview:-1"},"canonical":"https:\/\/caterinad.it\/en\/product\/zip-jacket-in-faux-fur\/","og_locale":"en_US","og_type":"article","og_title":"Faux fur zip jacket - Caterina D.","og_description":"Discover the faux fur outerwear of the new Caterina D. autumn\/winter collection and wear the style and comfort of women's fashion made in Italy!","og_url":"https:\/\/caterinad.it\/en\/product\/zip-jacket-in-faux-fur\/","og_site_name":"Caterina D.","article_publisher":"https:\/\/www.facebook.com\/Caterina.D.Collection","og_image":[{"width":1707,"height":2560,"url":"https:\/\/caterinad.it\/web\/app\/uploads\/2024\/09\/IMG_1115-scaled.jpg","type":"image\/jpeg"}],"twitter_card":"summary_large_image","schema":{"@context":"https:\/\/schema.org","@graph":[{"@type":"WebPage","@id":"https:\/\/caterinad.it\/en\/product\/zip-jacket-in-faux-fur\/","url":"https:\/\/caterinad.it\/en\/product\/zip-jacket-in-faux-fur\/","name":"Faux fur zip jacket - Caterina D.","isPartOf":{"@id":"https:\/\/caterinad.it\/#website"},"primaryImageOfPage":{"@id":"https:\/\/caterinad.it\/en\/product\/zip-jacket-in-faux-fur\/#primaryimage"},"image":{"@id":"https:\/\/caterinad.it\/en\/product\/zip-jacket-in-faux-fur\/#primaryimage"},"thumbnailUrl":"https:\/\/caterinad.it\/web\/app\/uploads\/2024\/09\/IMG_1115-scaled.jpg","datePublished":"2024-09-30T08:11:05+00:00","description":"Discover the faux fur outerwear of the new Caterina D. autumn\/winter collection and wear the style and comfort of women's fashion made in Italy!","breadcrumb":{"@id":"https:\/\/caterinad.it\/en\/product\/zip-jacket-in-faux-fur\/#breadcrumb"},"inLanguage":"en-US","potentialAction":[{"@type":"ReadAction","target":["https:\/\/caterinad.it\/en\/product\/zip-jacket-in-faux-fur\/"]}]},{"@type":"ImageObject","inLanguage":"en-US","@id":"https:\/\/caterinad.it\/en\/product\/zip-jacket-in-faux-fur\/#primaryimage","url":"https:\/\/caterinad.it\/web\/app\/uploads\/2024\/09\/IMG_1115-scaled.jpg","contentUrl":"https:\/\/caterinad.it\/web\/app\/uploads\/2024\/09\/IMG_1115-scaled.jpg","width":1707,"height":2560},{"@type":"BreadcrumbList","@id":"https:\/\/caterinad.it\/en\/product\/zip-jacket-in-faux-fur\/#breadcrumb","itemListElement":[{"@type":"ListItem","position":1,"name":"Home","item":"https:\/\/caterinad.it\/en\/"},{"@type":"ListItem","position":2,"name":"Fall\/Winter 2024","item":"https:\/\/caterinad.it\/en\/product-tag\/fall-winter-2024\/"},{"@type":"ListItem","position":3,"name":"Faux fur zip jacket"}]},{"@type":"WebSite","@id":"https:\/\/caterinad.it\/#website","url":"https:\/\/caterinad.it\/","name":"Caterina D.","description":"Perch\u00e9 scegliere tra eleganza e praticit\u00e0 quando si possono avere entrambe? La nostra idea di moda \u00e8 diversa: abiti dalle linee morbide e leggere, dal design unico e ricercato, per una bellezza senza stress.","publisher":{"@id":"https:\/\/caterinad.it\/#organization"},"potentialAction":[{"@type":"SearchAction","target":{"@type":"EntryPoint","urlTemplate":"https:\/\/caterinad.it\/?s={search_term_string}"},"query-input":{"@type":"PropertyValueSpecification","valueRequired":true,"valueName":"search_term_string"}}],"inLanguage":"en-US"},{"@type":"Organization","@id":"https:\/\/caterinad.it\/#organization","name":"Caterina D.","alternateName":"CaterinaD","url":"https:\/\/caterinad.it\/","logo":{"@type":"ImageObject","inLanguage":"en-US","@id":"https:\/\/caterinad.it\/#\/schema\/logo\/image\/","url":"https:\/\/caterinad.it\/web\/app\/uploads\/2019\/12\/logo-caterina-d-black.png","contentUrl":"https:\/\/caterinad.it\/web\/app\/uploads\/2019\/12\/logo-caterina-d-black.png","width":1145,"height":236,"caption":"Caterina D."},"image":{"@id":"https:\/\/caterinad.it\/#\/schema\/logo\/image\/"},"sameAs":["https:\/\/www.facebook.com\/Caterina.D.Collection","https:\/\/www.instagram.com\/caterina.d.collection"]}]}},"_links":{"self":[{"href":"https:\/\/caterinad.it\/en\/wp-json\/wp\/v2\/product\/13703","targetHints":{"allow":["GET"]}}],"collection":[{"href":"https:\/\/caterinad.it\/en\/wp-json\/wp\/v2\/product"}],"about":[{"href":"https:\/\/caterinad.it\/en\/wp-json\/wp\/v2\/types\/product"}],"wp:featuredmedia":[{"embeddable":true,"href":"https:\/\/caterinad.it\/en\/wp-json\/wp\/v2\/media\/11489"}],"wp:attachment":[{"href":"https:\/\/caterinad.it\/en\/wp-json\/wp\/v2\/media?parent=13703"}],"wp:term":[{"taxonomy":"product_brand","embeddable":true,"href":"https:\/\/caterinad.it\/en\/wp-json\/wp\/v2\/product_brand?post=13703"},{"taxonomy":"product_cat","embeddable":true,"href":"https:\/\/caterinad.it\/en\/wp-json\/wp\/v2\/product_cat?post=13703"},{"taxonomy":"product_tag","embeddable":true,"href":"https:\/\/caterinad.it\/en\/wp-json\/wp\/v2\/product_tag?post=13703"}],"curies":[{"name":"wp","href":"https:\/\/api.w.org\/{rel}","templated":true}]}}