{"id":13344,"date":"2024-09-05T12:32:34","date_gmt":"2024-09-30T08:02:38","guid":{"rendered":"https:\/\/caterinad.it\/product\/slim-fit-tartan-trousers\/"},"modified":"2024-09-30T08:02:38","modified_gmt":"2024-09-30T08:02:38","slug":"trousers-slim-fit-tartan","status":"publish","type":"product","link":"https:\/\/caterinad.it\/en\/product\/trousers-slim-fit-tartan\/","title":{"rendered":"Slim-fit tartan trousers"},"content":{"rendered":"<p>Tapered leg trousers with ankle length, made of Scottish Tartan fabric.<br \/>\nClassic model, front opening with zip + matching horn button, soft elastication at the back waist, hidden front pockets with diagonal welt entrance and hidden back pockets with diagonal welt opening.<br \/>\nCutting and placement are carried out manually to allow the matching alignment of the stripes and squares between front and back and between right and left, synonymous with craftsmanship and attention to detail.<\/p>\n","protected":false},"excerpt":{"rendered":"<p>Tapered leg trousers with ankle length, made of Scottish Tartan fabric. Classic model, front opening with zip + matching horn&#8230;<\/p>\n","protected":false},"featured_media":11846,"template":"","meta":{"_acf_changed":false},"product_brand":[],"product_cat":[348,435],"product_tag":[565],"class_list":{"0":"post-13344","1":"product","2":"type-product","3":"status-publish","4":"has-post-thumbnail","6":"product_cat-clothing","7":"product_cat-trousers","8":"product_tag-fall-winter-2024","10":"first","11":"instock","12":"shipping-taxable","13":"purchasable","14":"product-type-variable"},"acf":[],"yoast_head":"<!-- This site is optimized with the Yoast SEO plugin v26.9 - https:\/\/yoast.com\/product\/yoast-seo-wordpress\/ -->\n<title>Slim-fit tartan trousers - Caterina D.<\/title>\n<meta name=\"description\" content=\"Discover the tartan trousers series from the new Caterina D. autumn\/winter collection and wear the style and comfort of made in Italy fashion!\" \/>\n<meta name=\"robots\" content=\"index, follow, max-snippet:-1, max-image-preview:large, max-video-preview:-1\" \/>\n<link rel=\"canonical\" href=\"https:\/\/caterinad.it\/en\/product\/trousers-slim-fit-tartan\/\" \/>\n<meta property=\"og:locale\" content=\"en_US\" \/>\n<meta property=\"og:type\" content=\"article\" \/>\n<meta property=\"og:title\" content=\"Slim-fit tartan trousers - Caterina D.\" \/>\n<meta property=\"og:description\" content=\"Discover the tartan trousers series from the new Caterina D. autumn\/winter collection and wear the style and comfort of made in Italy fashion!\" \/>\n<meta property=\"og:url\" content=\"https:\/\/caterinad.it\/en\/product\/trousers-slim-fit-tartan\/\" \/>\n<meta property=\"og:site_name\" content=\"Caterina D.\" \/>\n<meta property=\"article:publisher\" content=\"https:\/\/www.facebook.com\/Caterina.D.Collection\" \/>\n<meta property=\"og:image\" content=\"https:\/\/caterinad.it\/web\/app\/uploads\/2024\/09\/WORK_2074_low.jpg\" \/>\n\t<meta property=\"og:image:width\" content=\"750\" \/>\n\t<meta property=\"og:image:height\" content=\"1125\" \/>\n\t<meta property=\"og:image:type\" content=\"image\/jpeg\" \/>\n<meta name=\"twitter:card\" content=\"summary_large_image\" \/>\n<script type=\"application\/ld+json\" class=\"yoast-schema-graph\">{\"@context\":\"https:\/\/schema.org\",\"@graph\":[{\"@type\":\"WebPage\",\"@id\":\"https:\/\/caterinad.it\/en\/product\/trousers-slim-fit-tartan\/\",\"url\":\"https:\/\/caterinad.it\/en\/product\/trousers-slim-fit-tartan\/\",\"name\":\"Slim-fit tartan trousers - Caterina D.\",\"isPartOf\":{\"@id\":\"https:\/\/caterinad.it\/#website\"},\"primaryImageOfPage\":{\"@id\":\"https:\/\/caterinad.it\/en\/product\/trousers-slim-fit-tartan\/#primaryimage\"},\"image\":{\"@id\":\"https:\/\/caterinad.it\/en\/product\/trousers-slim-fit-tartan\/#primaryimage\"},\"thumbnailUrl\":\"https:\/\/caterinad.it\/web\/app\/uploads\/2024\/09\/WORK_2074_low.jpg\",\"datePublished\":\"2024-09-30T08:02:38+00:00\",\"description\":\"Discover the tartan trousers series from the new Caterina D. autumn\/winter collection and wear the style and comfort of made in Italy fashion!\",\"breadcrumb\":{\"@id\":\"https:\/\/caterinad.it\/en\/product\/trousers-slim-fit-tartan\/#breadcrumb\"},\"inLanguage\":\"en-US\",\"potentialAction\":[{\"@type\":\"ReadAction\",\"target\":[\"https:\/\/caterinad.it\/en\/product\/trousers-slim-fit-tartan\/\"]}]},{\"@type\":\"ImageObject\",\"inLanguage\":\"en-US\",\"@id\":\"https:\/\/caterinad.it\/en\/product\/trousers-slim-fit-tartan\/#primaryimage\",\"url\":\"https:\/\/caterinad.it\/web\/app\/uploads\/2024\/09\/WORK_2074_low.jpg\",\"contentUrl\":\"https:\/\/caterinad.it\/web\/app\/uploads\/2024\/09\/WORK_2074_low.jpg\",\"width\":750,\"height\":1125},{\"@type\":\"BreadcrumbList\",\"@id\":\"https:\/\/caterinad.it\/en\/product\/trousers-slim-fit-tartan\/#breadcrumb\",\"itemListElement\":[{\"@type\":\"ListItem\",\"position\":1,\"name\":\"Home\",\"item\":\"https:\/\/caterinad.it\/en\/\"},{\"@type\":\"ListItem\",\"position\":2,\"name\":\"Fall\/Winter 2024\",\"item\":\"https:\/\/caterinad.it\/en\/product-tag\/fall-winter-2024\/\"},{\"@type\":\"ListItem\",\"position\":3,\"name\":\"Slim-fit tartan trousers\"}]},{\"@type\":\"WebSite\",\"@id\":\"https:\/\/caterinad.it\/#website\",\"url\":\"https:\/\/caterinad.it\/\",\"name\":\"Caterina D.\",\"description\":\"Perch\u00e9 scegliere tra eleganza e praticit\u00e0 quando si possono avere entrambe? La nostra idea di moda \u00e8 diversa: abiti dalle linee morbide e leggere, dal design unico e ricercato, per una bellezza senza stress.\",\"publisher\":{\"@id\":\"https:\/\/caterinad.it\/#organization\"},\"potentialAction\":[{\"@type\":\"SearchAction\",\"target\":{\"@type\":\"EntryPoint\",\"urlTemplate\":\"https:\/\/caterinad.it\/?s={search_term_string}\"},\"query-input\":{\"@type\":\"PropertyValueSpecification\",\"valueRequired\":true,\"valueName\":\"search_term_string\"}}],\"inLanguage\":\"en-US\"},{\"@type\":\"Organization\",\"@id\":\"https:\/\/caterinad.it\/#organization\",\"name\":\"Caterina D.\",\"alternateName\":\"CaterinaD\",\"url\":\"https:\/\/caterinad.it\/\",\"logo\":{\"@type\":\"ImageObject\",\"inLanguage\":\"en-US\",\"@id\":\"https:\/\/caterinad.it\/#\/schema\/logo\/image\/\",\"url\":\"https:\/\/caterinad.it\/web\/app\/uploads\/2019\/12\/logo-caterina-d-black.png\",\"contentUrl\":\"https:\/\/caterinad.it\/web\/app\/uploads\/2019\/12\/logo-caterina-d-black.png\",\"width\":1145,\"height\":236,\"caption\":\"Caterina D.\"},\"image\":{\"@id\":\"https:\/\/caterinad.it\/#\/schema\/logo\/image\/\"},\"sameAs\":[\"https:\/\/www.facebook.com\/Caterina.D.Collection\",\"https:\/\/www.instagram.com\/caterina.d.collection\"]}]}<\/script>\n<!-- \/ Yoast SEO plugin. -->","yoast_head_json":{"title":"Slim-fit tartan trousers - Caterina D.","description":"Discover the tartan trousers series from the new Caterina D. autumn\/winter collection and wear the style and comfort of made in Italy fashion!","robots":{"index":"index","follow":"follow","max-snippet":"max-snippet:-1","max-image-preview":"max-image-preview:large","max-video-preview":"max-video-preview:-1"},"canonical":"https:\/\/caterinad.it\/en\/product\/trousers-slim-fit-tartan\/","og_locale":"en_US","og_type":"article","og_title":"Slim-fit tartan trousers - Caterina D.","og_description":"Discover the tartan trousers series from the new Caterina D. autumn\/winter collection and wear the style and comfort of made in Italy fashion!","og_url":"https:\/\/caterinad.it\/en\/product\/trousers-slim-fit-tartan\/","og_site_name":"Caterina D.","article_publisher":"https:\/\/www.facebook.com\/Caterina.D.Collection","og_image":[{"width":750,"height":1125,"url":"https:\/\/caterinad.it\/web\/app\/uploads\/2024\/09\/WORK_2074_low.jpg","type":"image\/jpeg"}],"twitter_card":"summary_large_image","schema":{"@context":"https:\/\/schema.org","@graph":[{"@type":"WebPage","@id":"https:\/\/caterinad.it\/en\/product\/trousers-slim-fit-tartan\/","url":"https:\/\/caterinad.it\/en\/product\/trousers-slim-fit-tartan\/","name":"Slim-fit tartan trousers - Caterina D.","isPartOf":{"@id":"https:\/\/caterinad.it\/#website"},"primaryImageOfPage":{"@id":"https:\/\/caterinad.it\/en\/product\/trousers-slim-fit-tartan\/#primaryimage"},"image":{"@id":"https:\/\/caterinad.it\/en\/product\/trousers-slim-fit-tartan\/#primaryimage"},"thumbnailUrl":"https:\/\/caterinad.it\/web\/app\/uploads\/2024\/09\/WORK_2074_low.jpg","datePublished":"2024-09-30T08:02:38+00:00","description":"Discover the tartan trousers series from the new Caterina D. autumn\/winter collection and wear the style and comfort of made in Italy fashion!","breadcrumb":{"@id":"https:\/\/caterinad.it\/en\/product\/trousers-slim-fit-tartan\/#breadcrumb"},"inLanguage":"en-US","potentialAction":[{"@type":"ReadAction","target":["https:\/\/caterinad.it\/en\/product\/trousers-slim-fit-tartan\/"]}]},{"@type":"ImageObject","inLanguage":"en-US","@id":"https:\/\/caterinad.it\/en\/product\/trousers-slim-fit-tartan\/#primaryimage","url":"https:\/\/caterinad.it\/web\/app\/uploads\/2024\/09\/WORK_2074_low.jpg","contentUrl":"https:\/\/caterinad.it\/web\/app\/uploads\/2024\/09\/WORK_2074_low.jpg","width":750,"height":1125},{"@type":"BreadcrumbList","@id":"https:\/\/caterinad.it\/en\/product\/trousers-slim-fit-tartan\/#breadcrumb","itemListElement":[{"@type":"ListItem","position":1,"name":"Home","item":"https:\/\/caterinad.it\/en\/"},{"@type":"ListItem","position":2,"name":"Fall\/Winter 2024","item":"https:\/\/caterinad.it\/en\/product-tag\/fall-winter-2024\/"},{"@type":"ListItem","position":3,"name":"Slim-fit tartan trousers"}]},{"@type":"WebSite","@id":"https:\/\/caterinad.it\/#website","url":"https:\/\/caterinad.it\/","name":"Caterina D.","description":"Perch\u00e9 scegliere tra eleganza e praticit\u00e0 quando si possono avere entrambe? La nostra idea di moda \u00e8 diversa: abiti dalle linee morbide e leggere, dal design unico e ricercato, per una bellezza senza stress.","publisher":{"@id":"https:\/\/caterinad.it\/#organization"},"potentialAction":[{"@type":"SearchAction","target":{"@type":"EntryPoint","urlTemplate":"https:\/\/caterinad.it\/?s={search_term_string}"},"query-input":{"@type":"PropertyValueSpecification","valueRequired":true,"valueName":"search_term_string"}}],"inLanguage":"en-US"},{"@type":"Organization","@id":"https:\/\/caterinad.it\/#organization","name":"Caterina D.","alternateName":"CaterinaD","url":"https:\/\/caterinad.it\/","logo":{"@type":"ImageObject","inLanguage":"en-US","@id":"https:\/\/caterinad.it\/#\/schema\/logo\/image\/","url":"https:\/\/caterinad.it\/web\/app\/uploads\/2019\/12\/logo-caterina-d-black.png","contentUrl":"https:\/\/caterinad.it\/web\/app\/uploads\/2019\/12\/logo-caterina-d-black.png","width":1145,"height":236,"caption":"Caterina D."},"image":{"@id":"https:\/\/caterinad.it\/#\/schema\/logo\/image\/"},"sameAs":["https:\/\/www.facebook.com\/Caterina.D.Collection","https:\/\/www.instagram.com\/caterina.d.collection"]}]}},"_links":{"self":[{"href":"https:\/\/caterinad.it\/en\/wp-json\/wp\/v2\/product\/13344","targetHints":{"allow":["GET"]}}],"collection":[{"href":"https:\/\/caterinad.it\/en\/wp-json\/wp\/v2\/product"}],"about":[{"href":"https:\/\/caterinad.it\/en\/wp-json\/wp\/v2\/types\/product"}],"wp:featuredmedia":[{"embeddable":true,"href":"https:\/\/caterinad.it\/en\/wp-json\/wp\/v2\/media\/11846"}],"wp:attachment":[{"href":"https:\/\/caterinad.it\/en\/wp-json\/wp\/v2\/media?parent=13344"}],"wp:term":[{"taxonomy":"product_brand","embeddable":true,"href":"https:\/\/caterinad.it\/en\/wp-json\/wp\/v2\/product_brand?post=13344"},{"taxonomy":"product_cat","embeddable":true,"href":"https:\/\/caterinad.it\/en\/wp-json\/wp\/v2\/product_cat?post=13344"},{"taxonomy":"product_tag","embeddable":true,"href":"https:\/\/caterinad.it\/en\/wp-json\/wp\/v2\/product_tag?post=13344"}],"curies":[{"name":"wp","href":"https:\/\/api.w.org\/{rel}","templated":true}]}}