{"id":13216,"date":"2024-09-05T20:47:08","date_gmt":"2024-09-30T08:00:35","guid":{"rendered":"https:\/\/caterinad.it\/product\/striped-scarf\/"},"modified":"2024-09-30T08:00:35","modified_gmt":"2024-09-30T08:00:35","slug":"striped-scarf","status":"publish","type":"product","link":"https:\/\/caterinad.it\/en\/product\/striped-scarf\/","title":{"rendered":"Striped scarf"},"content":{"rendered":"<p>Two-tone horizontal striped knit scarf made of soft <u>recycled<\/u> cashmere blend yarn.<br \/>\nDimensions when open: 35 x 180 cm.<\/p>\n","protected":false},"excerpt":{"rendered":"<p>Two-tone horizontal striped knit scarf made of soft recycled cashmere blend yarn. Dimensions when open: 35 x 180 cm.<\/p>\n","protected":false},"featured_media":12075,"template":"","meta":{"_acf_changed":false},"product_brand":[],"product_cat":[350,441],"product_tag":[565],"class_list":{"0":"post-13216","1":"product","2":"type-product","3":"status-publish","4":"has-post-thumbnail","6":"product_cat-accessories","7":"product_cat-scarves","8":"product_tag-fall-winter-2024","10":"first","11":"instock","12":"shipping-taxable","13":"purchasable","14":"product-type-variable"},"acf":[],"yoast_head":"<!-- This site is optimized with the Yoast SEO plugin v26.9 - https:\/\/yoast.com\/product\/yoast-seo-wordpress\/ -->\n<title>Striped scarf - Caterina D.<\/title>\n<meta name=\"description\" content=\"Discover the soft cashmere accessories of the new Caterina D. autumn\/winter collection and wear the style and quality of fashion made in Italy.\" \/>\n<meta name=\"robots\" content=\"index, follow, max-snippet:-1, max-image-preview:large, max-video-preview:-1\" \/>\n<link rel=\"canonical\" href=\"https:\/\/caterinad.it\/en\/product\/striped-scarf\/\" \/>\n<meta property=\"og:locale\" content=\"en_US\" \/>\n<meta property=\"og:type\" content=\"article\" \/>\n<meta property=\"og:title\" content=\"Striped scarf - Caterina D.\" \/>\n<meta property=\"og:description\" content=\"Discover the soft cashmere accessories of the new Caterina D. autumn\/winter collection and wear the style and quality of fashion made in Italy.\" \/>\n<meta property=\"og:url\" content=\"https:\/\/caterinad.it\/en\/product\/striped-scarf\/\" \/>\n<meta property=\"og:site_name\" content=\"Caterina D.\" \/>\n<meta property=\"article:publisher\" content=\"https:\/\/www.facebook.com\/Caterina.D.Collection\" \/>\n<meta property=\"og:image\" content=\"https:\/\/caterinad.it\/web\/app\/uploads\/2024\/09\/WORK_1985_low.jpg\" \/>\n\t<meta property=\"og:image:width\" content=\"750\" \/>\n\t<meta property=\"og:image:height\" content=\"1125\" \/>\n\t<meta property=\"og:image:type\" content=\"image\/jpeg\" \/>\n<meta name=\"twitter:card\" content=\"summary_large_image\" \/>\n<script type=\"application\/ld+json\" class=\"yoast-schema-graph\">{\"@context\":\"https:\/\/schema.org\",\"@graph\":[{\"@type\":\"WebPage\",\"@id\":\"https:\/\/caterinad.it\/en\/product\/striped-scarf\/\",\"url\":\"https:\/\/caterinad.it\/en\/product\/striped-scarf\/\",\"name\":\"Striped scarf - Caterina D.\",\"isPartOf\":{\"@id\":\"https:\/\/caterinad.it\/#website\"},\"primaryImageOfPage\":{\"@id\":\"https:\/\/caterinad.it\/en\/product\/striped-scarf\/#primaryimage\"},\"image\":{\"@id\":\"https:\/\/caterinad.it\/en\/product\/striped-scarf\/#primaryimage\"},\"thumbnailUrl\":\"https:\/\/caterinad.it\/web\/app\/uploads\/2024\/09\/WORK_1985_low.jpg\",\"datePublished\":\"2024-09-30T08:00:35+00:00\",\"description\":\"Discover the soft cashmere accessories of the new Caterina D. autumn\/winter collection and wear the style and quality of fashion made in Italy.\",\"breadcrumb\":{\"@id\":\"https:\/\/caterinad.it\/en\/product\/striped-scarf\/#breadcrumb\"},\"inLanguage\":\"en-US\",\"potentialAction\":[{\"@type\":\"ReadAction\",\"target\":[\"https:\/\/caterinad.it\/en\/product\/striped-scarf\/\"]}]},{\"@type\":\"ImageObject\",\"inLanguage\":\"en-US\",\"@id\":\"https:\/\/caterinad.it\/en\/product\/striped-scarf\/#primaryimage\",\"url\":\"https:\/\/caterinad.it\/web\/app\/uploads\/2024\/09\/WORK_1985_low.jpg\",\"contentUrl\":\"https:\/\/caterinad.it\/web\/app\/uploads\/2024\/09\/WORK_1985_low.jpg\",\"width\":750,\"height\":1125},{\"@type\":\"BreadcrumbList\",\"@id\":\"https:\/\/caterinad.it\/en\/product\/striped-scarf\/#breadcrumb\",\"itemListElement\":[{\"@type\":\"ListItem\",\"position\":1,\"name\":\"Home\",\"item\":\"https:\/\/caterinad.it\/en\/\"},{\"@type\":\"ListItem\",\"position\":2,\"name\":\"Fall\/Winter 2024\",\"item\":\"https:\/\/caterinad.it\/en\/product-tag\/fall-winter-2024\/\"},{\"@type\":\"ListItem\",\"position\":3,\"name\":\"Striped scarf\"}]},{\"@type\":\"WebSite\",\"@id\":\"https:\/\/caterinad.it\/#website\",\"url\":\"https:\/\/caterinad.it\/\",\"name\":\"Caterina D.\",\"description\":\"Perch\u00e9 scegliere tra eleganza e praticit\u00e0 quando si possono avere entrambe? La nostra idea di moda \u00e8 diversa: abiti dalle linee morbide e leggere, dal design unico e ricercato, per una bellezza senza stress.\",\"publisher\":{\"@id\":\"https:\/\/caterinad.it\/#organization\"},\"potentialAction\":[{\"@type\":\"SearchAction\",\"target\":{\"@type\":\"EntryPoint\",\"urlTemplate\":\"https:\/\/caterinad.it\/?s={search_term_string}\"},\"query-input\":{\"@type\":\"PropertyValueSpecification\",\"valueRequired\":true,\"valueName\":\"search_term_string\"}}],\"inLanguage\":\"en-US\"},{\"@type\":\"Organization\",\"@id\":\"https:\/\/caterinad.it\/#organization\",\"name\":\"Caterina D.\",\"alternateName\":\"CaterinaD\",\"url\":\"https:\/\/caterinad.it\/\",\"logo\":{\"@type\":\"ImageObject\",\"inLanguage\":\"en-US\",\"@id\":\"https:\/\/caterinad.it\/#\/schema\/logo\/image\/\",\"url\":\"https:\/\/caterinad.it\/web\/app\/uploads\/2019\/12\/logo-caterina-d-black.png\",\"contentUrl\":\"https:\/\/caterinad.it\/web\/app\/uploads\/2019\/12\/logo-caterina-d-black.png\",\"width\":1145,\"height\":236,\"caption\":\"Caterina D.\"},\"image\":{\"@id\":\"https:\/\/caterinad.it\/#\/schema\/logo\/image\/\"},\"sameAs\":[\"https:\/\/www.facebook.com\/Caterina.D.Collection\",\"https:\/\/www.instagram.com\/caterina.d.collection\"]}]}<\/script>\n<!-- \/ Yoast SEO plugin. -->","yoast_head_json":{"title":"Striped scarf - Caterina D.","description":"Discover the soft cashmere accessories of the new Caterina D. autumn\/winter collection and wear the style and quality of fashion made in Italy.","robots":{"index":"index","follow":"follow","max-snippet":"max-snippet:-1","max-image-preview":"max-image-preview:large","max-video-preview":"max-video-preview:-1"},"canonical":"https:\/\/caterinad.it\/en\/product\/striped-scarf\/","og_locale":"en_US","og_type":"article","og_title":"Striped scarf - Caterina D.","og_description":"Discover the soft cashmere accessories of the new Caterina D. autumn\/winter collection and wear the style and quality of fashion made in Italy.","og_url":"https:\/\/caterinad.it\/en\/product\/striped-scarf\/","og_site_name":"Caterina D.","article_publisher":"https:\/\/www.facebook.com\/Caterina.D.Collection","og_image":[{"width":750,"height":1125,"url":"https:\/\/caterinad.it\/web\/app\/uploads\/2024\/09\/WORK_1985_low.jpg","type":"image\/jpeg"}],"twitter_card":"summary_large_image","schema":{"@context":"https:\/\/schema.org","@graph":[{"@type":"WebPage","@id":"https:\/\/caterinad.it\/en\/product\/striped-scarf\/","url":"https:\/\/caterinad.it\/en\/product\/striped-scarf\/","name":"Striped scarf - Caterina D.","isPartOf":{"@id":"https:\/\/caterinad.it\/#website"},"primaryImageOfPage":{"@id":"https:\/\/caterinad.it\/en\/product\/striped-scarf\/#primaryimage"},"image":{"@id":"https:\/\/caterinad.it\/en\/product\/striped-scarf\/#primaryimage"},"thumbnailUrl":"https:\/\/caterinad.it\/web\/app\/uploads\/2024\/09\/WORK_1985_low.jpg","datePublished":"2024-09-30T08:00:35+00:00","description":"Discover the soft cashmere accessories of the new Caterina D. autumn\/winter collection and wear the style and quality of fashion made in Italy.","breadcrumb":{"@id":"https:\/\/caterinad.it\/en\/product\/striped-scarf\/#breadcrumb"},"inLanguage":"en-US","potentialAction":[{"@type":"ReadAction","target":["https:\/\/caterinad.it\/en\/product\/striped-scarf\/"]}]},{"@type":"ImageObject","inLanguage":"en-US","@id":"https:\/\/caterinad.it\/en\/product\/striped-scarf\/#primaryimage","url":"https:\/\/caterinad.it\/web\/app\/uploads\/2024\/09\/WORK_1985_low.jpg","contentUrl":"https:\/\/caterinad.it\/web\/app\/uploads\/2024\/09\/WORK_1985_low.jpg","width":750,"height":1125},{"@type":"BreadcrumbList","@id":"https:\/\/caterinad.it\/en\/product\/striped-scarf\/#breadcrumb","itemListElement":[{"@type":"ListItem","position":1,"name":"Home","item":"https:\/\/caterinad.it\/en\/"},{"@type":"ListItem","position":2,"name":"Fall\/Winter 2024","item":"https:\/\/caterinad.it\/en\/product-tag\/fall-winter-2024\/"},{"@type":"ListItem","position":3,"name":"Striped scarf"}]},{"@type":"WebSite","@id":"https:\/\/caterinad.it\/#website","url":"https:\/\/caterinad.it\/","name":"Caterina D.","description":"Perch\u00e9 scegliere tra eleganza e praticit\u00e0 quando si possono avere entrambe? La nostra idea di moda \u00e8 diversa: abiti dalle linee morbide e leggere, dal design unico e ricercato, per una bellezza senza stress.","publisher":{"@id":"https:\/\/caterinad.it\/#organization"},"potentialAction":[{"@type":"SearchAction","target":{"@type":"EntryPoint","urlTemplate":"https:\/\/caterinad.it\/?s={search_term_string}"},"query-input":{"@type":"PropertyValueSpecification","valueRequired":true,"valueName":"search_term_string"}}],"inLanguage":"en-US"},{"@type":"Organization","@id":"https:\/\/caterinad.it\/#organization","name":"Caterina D.","alternateName":"CaterinaD","url":"https:\/\/caterinad.it\/","logo":{"@type":"ImageObject","inLanguage":"en-US","@id":"https:\/\/caterinad.it\/#\/schema\/logo\/image\/","url":"https:\/\/caterinad.it\/web\/app\/uploads\/2019\/12\/logo-caterina-d-black.png","contentUrl":"https:\/\/caterinad.it\/web\/app\/uploads\/2019\/12\/logo-caterina-d-black.png","width":1145,"height":236,"caption":"Caterina D."},"image":{"@id":"https:\/\/caterinad.it\/#\/schema\/logo\/image\/"},"sameAs":["https:\/\/www.facebook.com\/Caterina.D.Collection","https:\/\/www.instagram.com\/caterina.d.collection"]}]}},"_links":{"self":[{"href":"https:\/\/caterinad.it\/en\/wp-json\/wp\/v2\/product\/13216","targetHints":{"allow":["GET"]}}],"collection":[{"href":"https:\/\/caterinad.it\/en\/wp-json\/wp\/v2\/product"}],"about":[{"href":"https:\/\/caterinad.it\/en\/wp-json\/wp\/v2\/types\/product"}],"wp:featuredmedia":[{"embeddable":true,"href":"https:\/\/caterinad.it\/en\/wp-json\/wp\/v2\/media\/12075"}],"wp:attachment":[{"href":"https:\/\/caterinad.it\/en\/wp-json\/wp\/v2\/media?parent=13216"}],"wp:term":[{"taxonomy":"product_brand","embeddable":true,"href":"https:\/\/caterinad.it\/en\/wp-json\/wp\/v2\/product_brand?post=13216"},{"taxonomy":"product_cat","embeddable":true,"href":"https:\/\/caterinad.it\/en\/wp-json\/wp\/v2\/product_cat?post=13216"},{"taxonomy":"product_tag","embeddable":true,"href":"https:\/\/caterinad.it\/en\/wp-json\/wp\/v2\/product_tag?post=13216"}],"curies":[{"name":"wp","href":"https:\/\/api.w.org\/{rel}","templated":true}]}}