{"id":8396,"date":"2024-03-29T09:31:02","date_gmt":"2024-03-29T09:31:02","guid":{"rendered":"https:\/\/caterinad.it\/?page_id=8396"},"modified":"2026-03-27T10:48:02","modified_gmt":"2026-03-27T10:48:02","slug":"home","status":"publish","type":"page","link":"https:\/\/caterinad.it\/en\/","title":{"rendered":"Home"},"content":{"rendered":"<div class=\"wp-block-group alignfull thor-maxwidth-default has-white-color has-text-color has-link-color wp-elements-9654e6246e16914ec79b2f258347e115\"><div class=\"wp-block-group__inner-container is-layout-constrained wp-block-group-is-layout-constrained\"><div id=\"thor-block_7e8370d87946110e07cc712ffe212a31\" class=\"thor-slider\">\n      <div class=\"slider swiper\"\n      data-loop=\"true\"\n      data-autoplay=\"true\"\n    >\n      <div class=\"swiper-wrapper\">\n                  <div class=\"swiper-slide slide\">\n                          <figure class=\"slider-image\">\n                                <img decoding=\"async\"\n                  src=\"https:\/\/caterinad.it\/web\/app\/uploads\/2026\/03\/ImmagineSliderHomepageSito_CaterinaD_PE2026.png\"\n                  alt=\"\"\n                  srcset=\"https:\/\/caterinad.it\/web\/app\/uploads\/2026\/03\/ImmagineSliderHomepageSito_CaterinaD_PE2026-600x338.png 300w, https:\/\/caterinad.it\/web\/app\/uploads\/2026\/03\/ImmagineSliderHomepageSito_CaterinaD_PE2026-1440x810.png 768w, https:\/\/caterinad.it\/web\/app\/uploads\/2026\/03\/ImmagineSliderHomepageSito_CaterinaD_PE2026.png 1024w\"\n                  sizes=\"(max-width: 600px) 300px, (max-width: 1024px) 768px, 1024px\"\n                  loading=\"lazy\"\n                \/>\n              <\/figure>\n                                      <figure class=\"slider-image-mobile\">\n                                <img decoding=\"async\"\n                  src=\"https:\/\/caterinad.it\/web\/app\/uploads\/2026\/03\/ImmagineSliderHomepageSito_CaterinaD_PE2026-1440x810.png\"\n                  alt=\"\"\n                  srcset=\"https:\/\/caterinad.it\/web\/app\/uploads\/2026\/03\/ImmagineSliderHomepageSito_CaterinaD_PE2026-1440x810.png\"\n                  loading=\"lazy\"\n                \/>\n              <\/figure>\n            \n            <div class=\"slider-content\">\n              \n                              <p style=\"text-align: left\"><strong>Spring\/Summer 2026 Collection<\/strong><\/p>\n\n              \n                            <div class=\"wp-block-buttons\">\n                <div class=\"wp-block-button\">\n                  <a\n                    class=\"text-base wp-block-button__link no-border-radius has-primary-background-color has-background hover:has-primary-background-color\"\n                    href=\"https:\/\/caterinad.it\/en\/collections\/spring-summer-2026\/\" target=\"\"\n                    title=\"Find out more\">\n                    Find out more\n                    <\/a>\n                  <\/div>\n                <\/div>\n                          <\/div>\n          <\/div>\n                  <div class=\"swiper-slide slide\">\n                          <figure class=\"slider-image\">\n                                <img decoding=\"async\"\n                  src=\"https:\/\/caterinad.it\/web\/app\/uploads\/2025\/09\/HomepageSlider_FallWinter2025_CaterinaD_Tavola-disegno-1-1.png\"\n                  alt=\"\"\n                  srcset=\"https:\/\/caterinad.it\/web\/app\/uploads\/2025\/09\/HomepageSlider_FallWinter2025_CaterinaD_Tavola-disegno-1-1.png 300w, https:\/\/caterinad.it\/web\/app\/uploads\/2025\/09\/HomepageSlider_FallWinter2025_CaterinaD_Tavola-disegno-1-1.png 768w, https:\/\/caterinad.it\/web\/app\/uploads\/2025\/09\/HomepageSlider_FallWinter2025_CaterinaD_Tavola-disegno-1-1.png 1024w\"\n                  sizes=\"(max-width: 600px) 300px, (max-width: 1024px) 768px, 1024px\"\n                  loading=\"lazy\"\n                \/>\n              <\/figure>\n                                      <figure class=\"slider-image-mobile\">\n                                <img decoding=\"async\"\n                  src=\"https:\/\/caterinad.it\/web\/app\/uploads\/2025\/09\/Mobile_HomepageSlider_FallWinter2025_CaterinaD-02-600x526.png\"\n                  alt=\"\"\n                  srcset=\"https:\/\/caterinad.it\/web\/app\/uploads\/2025\/09\/Mobile_HomepageSlider_FallWinter2025_CaterinaD-02-600x526.png\"\n                  loading=\"lazy\"\n                \/>\n              <\/figure>\n            \n            <div class=\"slider-content\">\n              \n                              <p style=\"text-align: left\"><strong>Fall\/Winter 2025 Collection <\/strong><\/p>\n\n              \n                            <div class=\"wp-block-buttons\">\n                <div class=\"wp-block-button\">\n                  <a\n                    class=\"text-base wp-block-button__link no-border-radius has-primary-background-color has-background hover:has-primary-background-color\"\n                    href=\"https:\/\/caterinad.it\/collezioni\/fall-winter-2025\/\" target=\"\"\n                    title=\"Find out more\">\n                    Find out more\n                    <\/a>\n                  <\/div>\n                <\/div>\n                          <\/div>\n          <\/div>\n              <\/div><!--swiper wrapper-->\n      \n              <div class=\"swiper-button-prev\">\n        <\/div>\n        <div class=\"swiper-button-next\">\n        <\/div>\n          <\/div>\n  <\/div><\/div><\/div><div style=\"height:30px\" aria-hidden=\"true\" class=\"wp-block-spacer\"><\/div><div style=\"height:30px\" aria-hidden=\"true\" class=\"wp-block-spacer\"><\/div><div class=\"wp-block-columns  thor-tablet-two-columns thor-not-reverted is-layout-flex wp-container-core-columns-is-layout-9d6595d7 wp-block-columns-is-layout-flex\"><div class=\"wp-block-column is-layout-flow wp-block-column-is-layout-flow\"><div class=\"wp-block-image\"><figure class=\"aligncenter size-full\"><img loading=\"lazy\" decoding=\"async\" width=\"51\" height=\"51\" src=\"https:\/\/caterinad.it\/web\/app\/uploads\/2020\/01\/fron1.png\" alt=\"\" class=\"wp-image-2574\" \/><\/figure><\/div>\n\n<h3 class=\"wp-block-heading has-text-align-center is-style-cursive has-black-color has-text-color has-3-xl-font-size\">Clothing<br \/>Made in Italy<\/h3>\n\n<div style=\"height:15px\" aria-hidden=\"true\" class=\"wp-block-spacer\"><\/div>\n\n<p class=\"has-text-align-center\">The quality, elegance, and style typical of Italian tradition<\/p><\/div>\n\n<div class=\"wp-block-column is-layout-flow wp-block-column-is-layout-flow\"><div class=\"wp-block-image\"><figure class=\"aligncenter size-full\"><img loading=\"lazy\" decoding=\"async\" width=\"51\" height=\"51\" src=\"https:\/\/caterinad.it\/web\/app\/uploads\/2020\/01\/fron2.png\" alt=\"\" class=\"wp-image-2576\" \/><\/figure><\/div>\n\n<h3 class=\"wp-block-heading has-text-align-center is-style-cursive has-black-color has-text-color has-3-xl-font-size\">Collections <br \/>Original<\/h3>\n\n<div style=\"height:15px\" aria-hidden=\"true\" class=\"wp-block-spacer\"><\/div>\n\n<p class=\"has-text-align-center\">Unique and versatile Made in Italy Clothing<\/p><\/div>\n\n<div class=\"wp-block-column is-layout-flow wp-block-column-is-layout-flow\"><div class=\"wp-block-image\"><figure class=\"aligncenter size-full\"><img loading=\"lazy\" decoding=\"async\" width=\"51\" height=\"51\" src=\"https:\/\/caterinad.it\/web\/app\/uploads\/2020\/01\/fron3.png\" alt=\"\" class=\"wp-image-2578\" \/><\/figure><\/div>\n\n<h3 class=\"wp-block-heading has-text-align-center is-style-cursive has-black-color has-text-color has-3-xl-font-size\">Freedom from <br \/>put on<\/h3>\n\n<div style=\"height:15px\" aria-hidden=\"true\" class=\"wp-block-spacer\"><\/div>\n\n<p class=\"has-text-align-center\">Comfort and design of perfect clothes<br \/>for every shape and on every occasion<\/p><\/div><\/div><div style=\"height:30px\" aria-hidden=\"true\" class=\"wp-block-spacer\"><\/div><div style=\"height:30px\" aria-hidden=\"true\" class=\"wp-block-spacer thor-hidden-sm\"><\/div><div class=\"wp-block-group alignfull thor-maxwidth-default has-gray-200-background-color has-background\"><div class=\"wp-block-group__inner-container is-layout-flow wp-block-group-is-layout-flow\"><div style=\"height:30px\" aria-hidden=\"true\" class=\"wp-block-spacer\"><\/div>\n\n<div class=\"wp-block-group thor-maxwidth-xl\"><div class=\"wp-block-group__inner-container is-layout-flow wp-block-group-is-layout-flow\"><h1 class=\"wp-block-heading has-text-align-center has-4-xl-font-size\"><strong>Welcome to the world of Caterina D., where timeless elegance blends with uncompromising comfort.<\/strong><\/h1>\n\n<div style=\"height:15px\" aria-hidden=\"true\" class=\"wp-block-spacer\"><\/div>\n\n<h3 class=\"wp-block-heading has-text-align-center has-3-xl-font-size\">Our clothing, proudly Made in Italy and the result of research, design and over 50 years of experience, embody the quintessence of Italian style, embracing the beauty of every woman, regardless of shape, size or age.<\/h3>\n\n<div style=\"height:30px\" aria-hidden=\"true\" class=\"wp-block-spacer\"><\/div>\n\n<p class=\"has-text-align-center\">From lightweight sweaters to versatile trousers, from impeccable shirts to refined suits, our collection reflects the variety and versatility of everyday wear. Whether you&#8217;re relaxing at home or have decided to shine at one of the most exclusive events, Caterina D. has the perfect outfit for you on every occasion!<\/p>\n\n<p class=\"has-text-align-center\">Each garment is the result of obsessive attention to detail and quality. Luxurious textures and fine fabrics come together to create a feeling of well-being every time you wear our clothes. Our mission is to make you feel comfortable and beautiful at the same time!<\/p>\n\n<p class=\"has-text-align-center\">Explore our collections and discover Caterina D.&#8217;s fashion where every single garment is designed and made not only to dress you with refinement and practicality but to enhance your uniqueness by celebrating the diversity of each of us.<\/p>\n\n<p class=\"has-text-align-center\">Choose the fashion that makes you feel beautiful, choose Caterina D. &#8211; your Made in Italy brand designed for all women, wherever they are and whatever they do.<\/p><\/div><\/div>\n\n<div style=\"height:30px\" aria-hidden=\"true\" class=\"wp-block-spacer\"><\/div><\/div><\/div><div style=\"height:30px\" aria-hidden=\"true\" class=\"wp-block-spacer\"><\/div><h2 class=\"wp-block-heading has-text-align-center has-black-color has-text-color has-3-xl-font-size\">Collections<\/h2><div style=\"height:30px\" aria-hidden=\"true\" class=\"wp-block-spacer\"><\/div><div class=\"wp-block-group thor-maxwidth-xl\"><div class=\"wp-block-group__inner-container is-layout-constrained wp-block-group-is-layout-constrained\"><div id=\"thor-block_760a52bcb27a37279c16818097bc0633\" class=\"thor-contents-list\">\n      <div class=\"row -mx-4\">\n              <div class=\"w-1\/2 md__w-1\/2 px-4\">\n          <article class=\"teaser-post post-8396 page type-page status-publish hentry\">\n  <figure>\n          <a href=\"https:\/\/caterinad.it\/en\/collections\/fall-winter-2025\/\" title=\"Fall Winter 2025\/26\">\n        <img decoding=\"async\"\n          class=\"lazy\"\n          src=\"https:\/\/caterinad.it\/web\/app\/uploads\/2025\/08\/IMG_1041-70x92.jpg\"\n          data-src=\"https:\/\/caterinad.it\/web\/app\/uploads\/2025\/08\/IMG_1041-1440x1883.jpg\"\n        \/>\n      <\/a>\n     <\/figure>\n  \n  <header>\n    <a href=\"https:\/\/caterinad.it\/en\/collections\/fall-winter-2025\/\" title=\"Fall Winter 2025\/26\">\n      <h3>\n        Fall Winter 2025\/26\n      <\/h3>\n    <\/a>\n  <\/header>\n  <div class=\"entry-summary\">\n    <a href=\"https:\/\/caterinad.it\/en\/collections\/fall-winter-2025\/\" title=\"Fall Winter 2025\/26\" class=\"read-more\">\n      Read more\n    <\/a>\n  <\/div>\n<\/article>\n        <\/div>\n              <div class=\"w-1\/2 md__w-1\/2 px-4\">\n          <article class=\"teaser-post post-8396 page type-page status-publish hentry\">\n  <figure>\n          <a href=\"https:\/\/caterinad.it\/en\/collections\/spring-summer-2026\/\" title=\"Spring Summer 2026\">\n        <img decoding=\"async\"\n          class=\"lazy\"\n          src=\"https:\/\/caterinad.it\/web\/app\/uploads\/2026\/03\/181T-70x98.jpg\"\n          data-src=\"https:\/\/caterinad.it\/web\/app\/uploads\/2026\/03\/181T.jpg\"\n        \/>\n      <\/a>\n     <\/figure>\n  \n  <header>\n    <a href=\"https:\/\/caterinad.it\/en\/collections\/spring-summer-2026\/\" title=\"Spring Summer 2026\">\n      <h3>\n        Spring Summer 2026\n      <\/h3>\n    <\/a>\n  <\/header>\n  <div class=\"entry-summary\">\n    <a href=\"https:\/\/caterinad.it\/en\/collections\/spring-summer-2026\/\" title=\"Spring Summer 2026\" class=\"read-more\">\n      Read more\n    <\/a>\n  <\/div>\n<\/article>\n        <\/div>\n          <\/div>\n  <\/div><\/div><\/div><div class=\"wp-block-group alignfull thor-maxwidth-default has-gray-200-background-color has-background\"><div class=\"wp-block-group__inner-container is-layout-flow wp-block-group-is-layout-flow\"><div style=\"height:15px\" aria-hidden=\"true\" class=\"wp-block-spacer\"><\/div>\n\n<div class=\"wp-block-group thor-maxwidth-xl\"><div class=\"wp-block-group__inner-container is-layout-flow wp-block-group-is-layout-flow\"><p class=\"has-text-align-center has-xl-font-size\">Click on the button and discover all our stores around the world.<\/p>\n\n<div style=\"height:15px\" aria-hidden=\"true\" class=\"wp-block-spacer\"><\/div>\n\n<div class=\"wp-block-buttons is-horizontal is-content-justification-center is-layout-flex wp-container-core-buttons-is-layout-499968f5 wp-block-buttons-is-layout-flex\"><div class=\"wp-block-button is-style-fill\"><a class=\"wp-block-button__link has-black-background-color has-background no-border-radius wp-element-button\" href=\"https:\/\/caterinad.it\/en\/stores\/\" target=\"_blank\" rel=\"noreferrer noopener\">STORES<\/a><\/div><\/div><\/div><\/div>\n\n<div style=\"height:30px\" aria-hidden=\"true\" class=\"wp-block-spacer thor-hidden-sm\"><\/div><\/div><\/div><div class=\"wp-block-group alignfull thor-maxwidth-default has-primary-light-background-color has-background\"><div class=\"wp-block-group__inner-container is-layout-flow wp-block-group-is-layout-flow\"><div class=\"wp-block-group thor-maxwidth-ml\"><div class=\"wp-block-group__inner-container is-layout-flow wp-block-group-is-layout-flow\"><div style=\"height:30px\" aria-hidden=\"true\" class=\"wp-block-spacer\"><\/div>\n\n<p class=\"has-text-align-center has-3-xl-font-size\">A PREVIEW OF THE NEW PRODUCTS CATERINA D.<\/p>\n\n<p class=\"has-text-align-center\">Leave your email address to be the first to know all the news and new collections of luxury terry clothing, towels and accessories by CATERINA D.<\/p>\n\n<div style=\"height:15px\" aria-hidden=\"true\" class=\"wp-block-spacer\"><\/div>\n\n<div class=\"wp-block-contact-form-7-contact-form-selector\">\n<div class=\"wpcf7 no-js\" id=\"wpcf7-f4166-o1\" lang=\"en-US\" dir=\"ltr\" data-wpcf7-id=\"4166\">\n<div class=\"screen-reader-response\"><p role=\"status\" aria-live=\"polite\" aria-atomic=\"true\"><\/p> <ul><\/ul><\/div>\n<form action=\"\/en\/wp-json\/wp\/v2\/pages\/8396#wpcf7-f4166-o1\" method=\"post\" class=\"wpcf7-form init 121631bca248 cmatic-conn cmatic-aud-7 cmatic-mapd0-0 cmatic-v0974 cmatic-sent-0 cmatic-total-0\" aria-label=\"Contact form\" novalidate=\"novalidate\" data-status=\"init\">\n<fieldset class=\"hidden-fields-container\"><input type=\"hidden\" name=\"_wpcf7\" value=\"4166\" \/><input type=\"hidden\" name=\"_wpcf7_version\" value=\"6.1.4\" \/><input type=\"hidden\" name=\"_wpcf7_locale\" value=\"en_US\" \/><input type=\"hidden\" name=\"_wpcf7_unit_tag\" value=\"wpcf7-f4166-o1\" \/><input type=\"hidden\" name=\"_wpcf7_container_post\" value=\"0\" \/><input type=\"hidden\" name=\"_wpcf7_posted_data_hash\" value=\"\" \/><input type=\"hidden\" name=\"_wpcf7_recaptcha_response\" value=\"\" \/>\n<\/fieldset>\n<div class=\"mkdf-two-columns-form-without-space\">\n\t<div class=\"mkdf-column-left\">\n\t\t<p><span class=\"wpcf7-form-control-wrap\" data-name=\"your-email\"><input size=\"40\" maxlength=\"400\" class=\"wpcf7-form-control wpcf7-email wpcf7-validates-as-required wpcf7-text wpcf7-validates-as-email\" aria-required=\"true\" aria-invalid=\"false\" placeholder=\"Your E-mail address\" value=\"\" type=\"email\" name=\"your-email\" \/><\/span>\n\t\t<\/p>\n\t<\/div>\n\t<div class=\"mkdf-column-right\">\n\t\t<p><input class=\"wpcf7-form-control wpcf7-submit has-spinner\" type=\"submit\" value=\"Subscribe!\" \/>\n\t\t<\/p>\n\t<\/div>\n\t<div class=\"nomar\" style=\"text-align:left\">\n\t\t<p><span class=\"wpcf7-form-control-wrap\" data-name=\"your-consent\"><span class=\"wpcf7-form-control wpcf7-acceptance\"><span class=\"wpcf7-list-item\"><label><input type=\"checkbox\" name=\"your-consent\" value=\"1\" aria-invalid=\"false\" \/><span class=\"wpcf7-list-item-label\">I accept the terms and conditions of the <a href=\"https:\/\/caterinad.it\/web\/app\/uploads\/2024\/09\/EMMEBIESSE_Manuale-Gdpr-Rev.01_Appendice-H_Newsletter-ENG.pdf\" target=\"_blank\" rel=\"nofollow\">Privacy policy<\/a><\/span><\/label><\/span><\/span><\/span>\n\t\t<\/p>\n\t<\/div>\n<\/div><div class=\"wpcf7-response-output\" aria-hidden=\"true\"><\/div>\n<\/form>\n<\/div>\n<\/div>\n\n<div style=\"height:30px\" aria-hidden=\"true\" class=\"wp-block-spacer\"><\/div><\/div><\/div><\/div><\/div>","protected":false},"excerpt":{"rendered":"<p>ClothingMade in Italy The quality, elegance, and style typical of Italian tradition Collections Original Unique and versatile Made in Italy&#8230;<\/p>\n","protected":false},"author":11,"featured_media":0,"parent":0,"menu_order":0,"comment_status":"closed","ping_status":"closed","template":"","meta":{"_acf_changed":false,"footnotes":""},"class_list":["post-8396","page","type-page","status-publish","hentry"],"acf":[],"yoast_head":"<!-- This site is optimized with the Yoast SEO plugin v26.9 - https:\/\/yoast.com\/product\/yoast-seo-wordpress\/ -->\n<title>Caterina D.: the luxury and comfort of fashion made in Italy<\/title>\n<meta name=\"description\" content=\"Caterina D. is women&#039;s made in Italy fashion designed for any woman who wants to feel beautiful and comfortable, on every occasion!\" \/>\n<meta name=\"robots\" content=\"index, follow, max-snippet:-1, max-image-preview:large, max-video-preview:-1\" \/>\n<link rel=\"canonical\" href=\"https:\/\/caterinad.it\/en\/\" \/>\n<meta property=\"og:locale\" content=\"en_US\" \/>\n<meta property=\"og:type\" content=\"article\" \/>\n<meta property=\"og:title\" content=\"Caterina D.: the luxury and comfort of fashion made in Italy\" \/>\n<meta property=\"og:description\" content=\"Caterina D. is women&#039;s made in Italy fashion designed for any woman who wants to feel beautiful and comfortable, on every occasion!\" \/>\n<meta property=\"og:url\" content=\"https:\/\/caterinad.it\/en\/\" \/>\n<meta property=\"og:site_name\" content=\"Caterina D.\" \/>\n<meta property=\"article:publisher\" content=\"https:\/\/www.facebook.com\/Caterina.D.Collection\" \/>\n<meta property=\"article:modified_time\" content=\"2026-03-27T10:48:02+00:00\" \/>\n<meta property=\"og:image\" content=\"https:\/\/caterinad.it\/web\/app\/uploads\/2020\/01\/fron1.png\" \/>\n<meta name=\"twitter:card\" content=\"summary_large_image\" \/>\n<meta name=\"twitter:label1\" content=\"Est. reading time\" \/>\n\t<meta name=\"twitter:data1\" content=\"3 minutes\" \/>\n<script type=\"application\/ld+json\" class=\"yoast-schema-graph\">{\"@context\":\"https:\/\/schema.org\",\"@graph\":[{\"@type\":\"WebPage\",\"@id\":\"https:\/\/caterinad.it\/en\/\",\"url\":\"https:\/\/caterinad.it\/en\/\",\"name\":\"Caterina D.: the luxury and comfort of fashion made in Italy\",\"isPartOf\":{\"@id\":\"https:\/\/caterinad.it\/#website\"},\"primaryImageOfPage\":{\"@id\":\"https:\/\/caterinad.it\/en\/#primaryimage\"},\"image\":{\"@id\":\"https:\/\/caterinad.it\/en\/#primaryimage\"},\"thumbnailUrl\":\"https:\/\/caterinad.it\/web\/app\/uploads\/2020\/01\/fron1.png\",\"datePublished\":\"2024-03-29T09:31:02+00:00\",\"dateModified\":\"2026-03-27T10:48:02+00:00\",\"description\":\"Caterina D. is women's made in Italy fashion designed for any woman who wants to feel beautiful and comfortable, on every occasion!\",\"breadcrumb\":{\"@id\":\"https:\/\/caterinad.it\/en\/#breadcrumb\"},\"inLanguage\":\"en-US\",\"potentialAction\":[{\"@type\":\"ReadAction\",\"target\":[\"https:\/\/caterinad.it\/en\/\"]}]},{\"@type\":\"ImageObject\",\"inLanguage\":\"en-US\",\"@id\":\"https:\/\/caterinad.it\/en\/#primaryimage\",\"url\":\"https:\/\/caterinad.it\/web\/app\/uploads\/2020\/01\/fron1.png\",\"contentUrl\":\"https:\/\/caterinad.it\/web\/app\/uploads\/2020\/01\/fron1.png\"},{\"@type\":\"BreadcrumbList\",\"@id\":\"https:\/\/caterinad.it\/en\/#breadcrumb\",\"itemListElement\":[{\"@type\":\"ListItem\",\"position\":1,\"name\":\"Home\",\"item\":\"https:\/\/caterinad.it\/en\/\"},{\"@type\":\"ListItem\",\"position\":2,\"name\":\"Home\"}]},{\"@type\":\"WebSite\",\"@id\":\"https:\/\/caterinad.it\/#website\",\"url\":\"https:\/\/caterinad.it\/\",\"name\":\"Caterina D.\",\"description\":\"Perch\u00e9 scegliere tra eleganza e praticit\u00e0 quando si possono avere entrambe? La nostra idea di moda \u00e8 diversa: abiti dalle linee morbide e leggere, dal design unico e ricercato, per una bellezza senza stress.\",\"publisher\":{\"@id\":\"https:\/\/caterinad.it\/#organization\"},\"potentialAction\":[{\"@type\":\"SearchAction\",\"target\":{\"@type\":\"EntryPoint\",\"urlTemplate\":\"https:\/\/caterinad.it\/?s={search_term_string}\"},\"query-input\":{\"@type\":\"PropertyValueSpecification\",\"valueRequired\":true,\"valueName\":\"search_term_string\"}}],\"inLanguage\":\"en-US\"},{\"@type\":\"Organization\",\"@id\":\"https:\/\/caterinad.it\/#organization\",\"name\":\"Caterina D.\",\"alternateName\":\"CaterinaD\",\"url\":\"https:\/\/caterinad.it\/\",\"logo\":{\"@type\":\"ImageObject\",\"inLanguage\":\"en-US\",\"@id\":\"https:\/\/caterinad.it\/#\/schema\/logo\/image\/\",\"url\":\"https:\/\/caterinad.it\/web\/app\/uploads\/2019\/12\/logo-caterina-d-black.png\",\"contentUrl\":\"https:\/\/caterinad.it\/web\/app\/uploads\/2019\/12\/logo-caterina-d-black.png\",\"width\":1145,\"height\":236,\"caption\":\"Caterina D.\"},\"image\":{\"@id\":\"https:\/\/caterinad.it\/#\/schema\/logo\/image\/\"},\"sameAs\":[\"https:\/\/www.facebook.com\/Caterina.D.Collection\",\"https:\/\/www.instagram.com\/caterina.d.collection\"]}]}<\/script>\n<!-- \/ Yoast SEO plugin. -->","yoast_head_json":{"title":"Caterina D.: the luxury and comfort of fashion made in Italy","description":"Caterina D. is women's made in Italy fashion designed for any woman who wants to feel beautiful and comfortable, on every occasion!","robots":{"index":"index","follow":"follow","max-snippet":"max-snippet:-1","max-image-preview":"max-image-preview:large","max-video-preview":"max-video-preview:-1"},"canonical":"https:\/\/caterinad.it\/en\/","og_locale":"en_US","og_type":"article","og_title":"Caterina D.: the luxury and comfort of fashion made in Italy","og_description":"Caterina D. is women's made in Italy fashion designed for any woman who wants to feel beautiful and comfortable, on every occasion!","og_url":"https:\/\/caterinad.it\/en\/","og_site_name":"Caterina D.","article_publisher":"https:\/\/www.facebook.com\/Caterina.D.Collection","article_modified_time":"2026-03-27T10:48:02+00:00","og_image":[{"url":"https:\/\/caterinad.it\/web\/app\/uploads\/2020\/01\/fron1.png","type":"","width":"","height":""}],"twitter_card":"summary_large_image","twitter_misc":{"Est. reading time":"3 minutes"},"schema":{"@context":"https:\/\/schema.org","@graph":[{"@type":"WebPage","@id":"https:\/\/caterinad.it\/en\/","url":"https:\/\/caterinad.it\/en\/","name":"Caterina D.: the luxury and comfort of fashion made in Italy","isPartOf":{"@id":"https:\/\/caterinad.it\/#website"},"primaryImageOfPage":{"@id":"https:\/\/caterinad.it\/en\/#primaryimage"},"image":{"@id":"https:\/\/caterinad.it\/en\/#primaryimage"},"thumbnailUrl":"https:\/\/caterinad.it\/web\/app\/uploads\/2020\/01\/fron1.png","datePublished":"2024-03-29T09:31:02+00:00","dateModified":"2026-03-27T10:48:02+00:00","description":"Caterina D. is women's made in Italy fashion designed for any woman who wants to feel beautiful and comfortable, on every occasion!","breadcrumb":{"@id":"https:\/\/caterinad.it\/en\/#breadcrumb"},"inLanguage":"en-US","potentialAction":[{"@type":"ReadAction","target":["https:\/\/caterinad.it\/en\/"]}]},{"@type":"ImageObject","inLanguage":"en-US","@id":"https:\/\/caterinad.it\/en\/#primaryimage","url":"https:\/\/caterinad.it\/web\/app\/uploads\/2020\/01\/fron1.png","contentUrl":"https:\/\/caterinad.it\/web\/app\/uploads\/2020\/01\/fron1.png"},{"@type":"BreadcrumbList","@id":"https:\/\/caterinad.it\/en\/#breadcrumb","itemListElement":[{"@type":"ListItem","position":1,"name":"Home","item":"https:\/\/caterinad.it\/en\/"},{"@type":"ListItem","position":2,"name":"Home"}]},{"@type":"WebSite","@id":"https:\/\/caterinad.it\/#website","url":"https:\/\/caterinad.it\/","name":"Caterina D.","description":"Perch\u00e9 scegliere tra eleganza e praticit\u00e0 quando si possono avere entrambe? La nostra idea di moda \u00e8 diversa: abiti dalle linee morbide e leggere, dal design unico e ricercato, per una bellezza senza stress.","publisher":{"@id":"https:\/\/caterinad.it\/#organization"},"potentialAction":[{"@type":"SearchAction","target":{"@type":"EntryPoint","urlTemplate":"https:\/\/caterinad.it\/?s={search_term_string}"},"query-input":{"@type":"PropertyValueSpecification","valueRequired":true,"valueName":"search_term_string"}}],"inLanguage":"en-US"},{"@type":"Organization","@id":"https:\/\/caterinad.it\/#organization","name":"Caterina D.","alternateName":"CaterinaD","url":"https:\/\/caterinad.it\/","logo":{"@type":"ImageObject","inLanguage":"en-US","@id":"https:\/\/caterinad.it\/#\/schema\/logo\/image\/","url":"https:\/\/caterinad.it\/web\/app\/uploads\/2019\/12\/logo-caterina-d-black.png","contentUrl":"https:\/\/caterinad.it\/web\/app\/uploads\/2019\/12\/logo-caterina-d-black.png","width":1145,"height":236,"caption":"Caterina D."},"image":{"@id":"https:\/\/caterinad.it\/#\/schema\/logo\/image\/"},"sameAs":["https:\/\/www.facebook.com\/Caterina.D.Collection","https:\/\/www.instagram.com\/caterina.d.collection"]}]}},"_links":{"self":[{"href":"https:\/\/caterinad.it\/en\/wp-json\/wp\/v2\/pages\/8396","targetHints":{"allow":["GET"]}}],"collection":[{"href":"https:\/\/caterinad.it\/en\/wp-json\/wp\/v2\/pages"}],"about":[{"href":"https:\/\/caterinad.it\/en\/wp-json\/wp\/v2\/types\/page"}],"author":[{"embeddable":true,"href":"https:\/\/caterinad.it\/en\/wp-json\/wp\/v2\/users\/11"}],"replies":[{"embeddable":true,"href":"https:\/\/caterinad.it\/en\/wp-json\/wp\/v2\/comments?post=8396"}],"version-history":[{"count":25,"href":"https:\/\/caterinad.it\/en\/wp-json\/wp\/v2\/pages\/8396\/revisions"}],"predecessor-version":[{"id":22737,"href":"https:\/\/caterinad.it\/en\/wp-json\/wp\/v2\/pages\/8396\/revisions\/22737"}],"wp:attachment":[{"href":"https:\/\/caterinad.it\/en\/wp-json\/wp\/v2\/media?parent=8396"}],"curies":[{"name":"wp","href":"https:\/\/api.w.org\/{rel}","templated":true}]}}