{"id":5619,"date":"2022-07-28T19:30:16","date_gmt":"2022-07-28T19:30:16","guid":{"rendered":"https:\/\/caterinad.it\/?page_id=5619"},"modified":"2024-03-01T08:26:39","modified_gmt":"2024-03-01T08:26:39","slug":"collections","status":"publish","type":"page","link":"https:\/\/caterinad.it\/en\/collections\/","title":{"rendered":"Collections"},"content":{"rendered":"<div style=\"height:30px\" aria-hidden=\"true\" class=\"wp-block-spacer\"><\/div><div style=\"height:30px\" aria-hidden=\"true\" class=\"wp-block-spacer thor-hidden-sm\"><\/div><h1 class=\"wp-block-heading has-text-align-center is-style-cursive has-5-xl-font-size\">Collections<\/h1><div style=\"height:30px\" aria-hidden=\"true\" class=\"wp-block-spacer\"><\/div><div style=\"height:30px\" aria-hidden=\"true\" class=\"wp-block-spacer thor-hidden-sm\"><\/div><div class=\"wp-block-group thor-maxwidth-xl\"><div class=\"wp-block-group__inner-container is-layout-constrained wp-block-group-is-layout-constrained\"><div class=\"wp-block-columns thor-tablet-two-columns thor-not-reverted is-layout-flex wp-container-core-columns-is-layout-9d6595d7 wp-block-columns-is-layout-flex\"><div class=\"wp-block-column is-layout-flow wp-block-column-is-layout-flow\"><figure class=\"wp-block-image size-full\"><a href=\"https:\/\/caterinad.it\/en\/collections\/spring-summer-2023\/\"><img loading=\"lazy\" decoding=\"async\" width=\"500\" height=\"650\" src=\"https:\/\/caterinad.it\/web\/app\/uploads\/2022\/07\/immagini-siti-gruppo-emmebiesse-3.jpg\" alt=\"\" class=\"wp-image-5558\" srcset=\"https:\/\/caterinad.it\/web\/app\/uploads\/2022\/07\/immagini-siti-gruppo-emmebiesse-3.jpg 500w, https:\/\/caterinad.it\/web\/app\/uploads\/2022\/07\/immagini-siti-gruppo-emmebiesse-3-70x91.jpg 70w\" sizes=\"auto, (max-width: 500px) 100vw, 500px\" \/><\/a><figcaption class=\"wp-element-caption\">Spring Summer 2022<\/figcaption><\/figure><\/div>\n\n<div class=\"wp-block-column is-layout-flow wp-block-column-is-layout-flow\"><figure class=\"wp-block-image size-full\"><a href=\"https:\/\/caterinad.it\/en\/collections\/autumn-winter-2023-24\/\"><img decoding=\"async\" src=\"https:\/\/caterinad.it\/web\/app\/uploads\/2023\/09\/813M.jpg\" alt=\"813M\" class=\"wp-image-6969\"\/><\/a><figcaption class=\"wp-element-caption\">Preview Autumn Winter 22-23<\/figcaption><\/figure><\/div><\/div><\/div><\/div><div style=\"height:30px\" aria-hidden=\"true\" class=\"wp-block-spacer\"><\/div><div style=\"height:30px\" aria-hidden=\"true\" class=\"wp-block-spacer thor-hidden-sm\"><\/div>","protected":false},"excerpt":{"rendered":"<p>Collections<\/p>\n","protected":false},"author":8,"featured_media":0,"parent":0,"menu_order":0,"comment_status":"closed","ping_status":"closed","template":"","meta":{"_acf_changed":false,"footnotes":""},"class_list":["post-5619","page","type-page","status-publish","hentry"],"acf":[],"yoast_head":"<!-- This site is optimized with the Yoast SEO plugin v26.9 - https:\/\/yoast.com\/product\/yoast-seo-wordpress\/ -->\n<title>Work with us<\/title>\n<meta name=\"description\" content=\"collections\" \/>\n<meta name=\"robots\" content=\"index, follow, max-snippet:-1, max-image-preview:large, max-video-preview:-1\" \/>\n<link rel=\"canonical\" href=\"https:\/\/caterinad.it\/en\/collections\/\" \/>\n<meta property=\"og:locale\" content=\"en_US\" \/>\n<meta property=\"og:type\" content=\"article\" \/>\n<meta property=\"og:title\" content=\"Want to get in touch with Caterina D.?\" \/>\n<meta property=\"og:description\" content=\"Contact us to learn more about our collections, to find out where to buy clothes made in Italy or to become one of our retailers\" \/>\n<meta property=\"og:url\" content=\"https:\/\/caterinad.it\/en\/collections\/\" \/>\n<meta property=\"og:site_name\" content=\"Caterina D.\" \/>\n<meta property=\"article:publisher\" content=\"https:\/\/www.facebook.com\/Caterina.D.Collection\" \/>\n<meta property=\"article:modified_time\" content=\"2024-03-01T08:26:39+00:00\" \/>\n<meta property=\"og:image\" content=\"https:\/\/caterinad.it\/web\/app\/uploads\/2022\/07\/immagini-siti-gruppo-emmebiesse-3.jpg\" \/>\n\t<meta property=\"og:image:width\" content=\"500\" \/>\n\t<meta property=\"og:image:height\" content=\"650\" \/>\n\t<meta property=\"og:image:type\" content=\"image\/jpeg\" \/>\n<meta name=\"twitter:card\" content=\"summary_large_image\" \/>\n<meta name=\"twitter:label1\" content=\"Est. reading time\" \/>\n\t<meta name=\"twitter:data1\" content=\"1 minute\" \/>\n<script type=\"application\/ld+json\" class=\"yoast-schema-graph\">{\"@context\":\"https:\/\/schema.org\",\"@graph\":[{\"@type\":\"WebPage\",\"@id\":\"https:\/\/caterinad.it\/en\/collections\/\",\"url\":\"https:\/\/caterinad.it\/en\/collections\/\",\"name\":\"Work with us\",\"isPartOf\":{\"@id\":\"https:\/\/caterinad.it\/#website\"},\"primaryImageOfPage\":{\"@id\":\"https:\/\/caterinad.it\/en\/collections\/#primaryimage\"},\"image\":{\"@id\":\"https:\/\/caterinad.it\/en\/collections\/#primaryimage\"},\"thumbnailUrl\":\"https:\/\/caterinad.it\/web\/app\/uploads\/2022\/07\/immagini-siti-gruppo-emmebiesse-3.jpg\",\"datePublished\":\"2022-07-28T19:30:16+00:00\",\"dateModified\":\"2024-03-01T08:26:39+00:00\",\"description\":\"collections\",\"breadcrumb\":{\"@id\":\"https:\/\/caterinad.it\/en\/collections\/#breadcrumb\"},\"inLanguage\":\"en-US\",\"potentialAction\":[{\"@type\":\"ReadAction\",\"target\":[\"https:\/\/caterinad.it\/en\/collections\/\"]}]},{\"@type\":\"ImageObject\",\"inLanguage\":\"en-US\",\"@id\":\"https:\/\/caterinad.it\/en\/collections\/#primaryimage\",\"url\":\"https:\/\/caterinad.it\/web\/app\/uploads\/2022\/07\/immagini-siti-gruppo-emmebiesse-3.jpg\",\"contentUrl\":\"https:\/\/caterinad.it\/web\/app\/uploads\/2022\/07\/immagini-siti-gruppo-emmebiesse-3.jpg\"},{\"@type\":\"BreadcrumbList\",\"@id\":\"https:\/\/caterinad.it\/en\/collections\/#breadcrumb\",\"itemListElement\":[{\"@type\":\"ListItem\",\"position\":1,\"name\":\"Home\",\"item\":\"https:\/\/caterinad.it\/en\/\"},{\"@type\":\"ListItem\",\"position\":2,\"name\":\"Collections\"}]},{\"@type\":\"WebSite\",\"@id\":\"https:\/\/caterinad.it\/#website\",\"url\":\"https:\/\/caterinad.it\/\",\"name\":\"Caterina D.\",\"description\":\"Perch\u00e9 scegliere tra eleganza e praticit\u00e0 quando si possono avere entrambe? La nostra idea di moda \u00e8 diversa: abiti dalle linee morbide e leggere, dal design unico e ricercato, per una bellezza senza stress.\",\"publisher\":{\"@id\":\"https:\/\/caterinad.it\/#organization\"},\"potentialAction\":[{\"@type\":\"SearchAction\",\"target\":{\"@type\":\"EntryPoint\",\"urlTemplate\":\"https:\/\/caterinad.it\/?s={search_term_string}\"},\"query-input\":{\"@type\":\"PropertyValueSpecification\",\"valueRequired\":true,\"valueName\":\"search_term_string\"}}],\"inLanguage\":\"en-US\"},{\"@type\":\"Organization\",\"@id\":\"https:\/\/caterinad.it\/#organization\",\"name\":\"Caterina D.\",\"alternateName\":\"CaterinaD\",\"url\":\"https:\/\/caterinad.it\/\",\"logo\":{\"@type\":\"ImageObject\",\"inLanguage\":\"en-US\",\"@id\":\"https:\/\/caterinad.it\/#\/schema\/logo\/image\/\",\"url\":\"https:\/\/caterinad.it\/web\/app\/uploads\/2019\/12\/logo-caterina-d-black.png\",\"contentUrl\":\"https:\/\/caterinad.it\/web\/app\/uploads\/2019\/12\/logo-caterina-d-black.png\",\"width\":1145,\"height\":236,\"caption\":\"Caterina D.\"},\"image\":{\"@id\":\"https:\/\/caterinad.it\/#\/schema\/logo\/image\/\"},\"sameAs\":[\"https:\/\/www.facebook.com\/Caterina.D.Collection\",\"https:\/\/www.instagram.com\/caterina.d.collection\"]}]}<\/script>\n<!-- \/ Yoast SEO plugin. -->","yoast_head_json":{"title":"Work with us","description":"collections","robots":{"index":"index","follow":"follow","max-snippet":"max-snippet:-1","max-image-preview":"max-image-preview:large","max-video-preview":"max-video-preview:-1"},"canonical":"https:\/\/caterinad.it\/en\/collections\/","og_locale":"en_US","og_type":"article","og_title":"Want to get in touch with Caterina D.?","og_description":"Contact us to learn more about our collections, to find out where to buy clothes made in Italy or to become one of our retailers","og_url":"https:\/\/caterinad.it\/en\/collections\/","og_site_name":"Caterina D.","article_publisher":"https:\/\/www.facebook.com\/Caterina.D.Collection","article_modified_time":"2024-03-01T08:26:39+00:00","og_image":[{"width":500,"height":650,"url":"https:\/\/caterinad.it\/web\/app\/uploads\/2022\/07\/immagini-siti-gruppo-emmebiesse-3.jpg","type":"image\/jpeg"}],"twitter_card":"summary_large_image","twitter_misc":{"Est. reading time":"1 minute"},"schema":{"@context":"https:\/\/schema.org","@graph":[{"@type":"WebPage","@id":"https:\/\/caterinad.it\/en\/collections\/","url":"https:\/\/caterinad.it\/en\/collections\/","name":"Work with us","isPartOf":{"@id":"https:\/\/caterinad.it\/#website"},"primaryImageOfPage":{"@id":"https:\/\/caterinad.it\/en\/collections\/#primaryimage"},"image":{"@id":"https:\/\/caterinad.it\/en\/collections\/#primaryimage"},"thumbnailUrl":"https:\/\/caterinad.it\/web\/app\/uploads\/2022\/07\/immagini-siti-gruppo-emmebiesse-3.jpg","datePublished":"2022-07-28T19:30:16+00:00","dateModified":"2024-03-01T08:26:39+00:00","description":"collections","breadcrumb":{"@id":"https:\/\/caterinad.it\/en\/collections\/#breadcrumb"},"inLanguage":"en-US","potentialAction":[{"@type":"ReadAction","target":["https:\/\/caterinad.it\/en\/collections\/"]}]},{"@type":"ImageObject","inLanguage":"en-US","@id":"https:\/\/caterinad.it\/en\/collections\/#primaryimage","url":"https:\/\/caterinad.it\/web\/app\/uploads\/2022\/07\/immagini-siti-gruppo-emmebiesse-3.jpg","contentUrl":"https:\/\/caterinad.it\/web\/app\/uploads\/2022\/07\/immagini-siti-gruppo-emmebiesse-3.jpg"},{"@type":"BreadcrumbList","@id":"https:\/\/caterinad.it\/en\/collections\/#breadcrumb","itemListElement":[{"@type":"ListItem","position":1,"name":"Home","item":"https:\/\/caterinad.it\/en\/"},{"@type":"ListItem","position":2,"name":"Collections"}]},{"@type":"WebSite","@id":"https:\/\/caterinad.it\/#website","url":"https:\/\/caterinad.it\/","name":"Caterina D.","description":"Perch\u00e9 scegliere tra eleganza e praticit\u00e0 quando si possono avere entrambe? La nostra idea di moda \u00e8 diversa: abiti dalle linee morbide e leggere, dal design unico e ricercato, per una bellezza senza stress.","publisher":{"@id":"https:\/\/caterinad.it\/#organization"},"potentialAction":[{"@type":"SearchAction","target":{"@type":"EntryPoint","urlTemplate":"https:\/\/caterinad.it\/?s={search_term_string}"},"query-input":{"@type":"PropertyValueSpecification","valueRequired":true,"valueName":"search_term_string"}}],"inLanguage":"en-US"},{"@type":"Organization","@id":"https:\/\/caterinad.it\/#organization","name":"Caterina D.","alternateName":"CaterinaD","url":"https:\/\/caterinad.it\/","logo":{"@type":"ImageObject","inLanguage":"en-US","@id":"https:\/\/caterinad.it\/#\/schema\/logo\/image\/","url":"https:\/\/caterinad.it\/web\/app\/uploads\/2019\/12\/logo-caterina-d-black.png","contentUrl":"https:\/\/caterinad.it\/web\/app\/uploads\/2019\/12\/logo-caterina-d-black.png","width":1145,"height":236,"caption":"Caterina D."},"image":{"@id":"https:\/\/caterinad.it\/#\/schema\/logo\/image\/"},"sameAs":["https:\/\/www.facebook.com\/Caterina.D.Collection","https:\/\/www.instagram.com\/caterina.d.collection"]}]}},"_links":{"self":[{"href":"https:\/\/caterinad.it\/en\/wp-json\/wp\/v2\/pages\/5619","targetHints":{"allow":["GET"]}}],"collection":[{"href":"https:\/\/caterinad.it\/en\/wp-json\/wp\/v2\/pages"}],"about":[{"href":"https:\/\/caterinad.it\/en\/wp-json\/wp\/v2\/types\/page"}],"author":[{"embeddable":true,"href":"https:\/\/caterinad.it\/en\/wp-json\/wp\/v2\/users\/8"}],"replies":[{"embeddable":true,"href":"https:\/\/caterinad.it\/en\/wp-json\/wp\/v2\/comments?post=5619"}],"version-history":[{"count":2,"href":"https:\/\/caterinad.it\/en\/wp-json\/wp\/v2\/pages\/5619\/revisions"}],"predecessor-version":[{"id":8425,"href":"https:\/\/caterinad.it\/en\/wp-json\/wp\/v2\/pages\/5619\/revisions\/8425"}],"wp:attachment":[{"href":"https:\/\/caterinad.it\/en\/wp-json\/wp\/v2\/media?parent=5619"}],"curies":[{"name":"wp","href":"https:\/\/api.w.org\/{rel}","templated":true}]}}