{"id":5384,"date":"2022-07-01T14:26:25","date_gmt":"2022-07-01T14:26:25","guid":{"rendered":"https:\/\/caterinad.it\/?page_id=5384"},"modified":"2024-09-17T08:02:19","modified_gmt":"2024-09-17T08:02:19","slug":"work-with-us","status":"publish","type":"page","link":"https:\/\/caterinad.it\/en\/work-with-us\/","title":{"rendered":"Work with us"},"content":{"rendered":"<div class=\"wp-block-cover alignfull is-light\" style=\"min-height:50vh;aspect-ratio:unset;\"><span aria-hidden=\"true\" class=\"has-background-dim-20 wp-block-cover__gradient-background has-background-dim\"><\/span><img loading=\"lazy\" decoding=\"async\" width=\"2048\" height=\"921\" class=\"wp-block-cover__image-background wp-image-5387\" alt=\"\" src=\"https:\/\/caterinad.it\/web\/app\/uploads\/2022\/07\/Progetto-senza-titolo.jpg\" style=\"object-position:53% 67%\" data-object-fit=\"cover\" data-object-position=\"53% 67%\" srcset=\"https:\/\/caterinad.it\/web\/app\/uploads\/2022\/07\/Progetto-senza-titolo.jpg 2048w, https:\/\/caterinad.it\/web\/app\/uploads\/2022\/07\/Progetto-senza-titolo-600x270.jpg 600w, https:\/\/caterinad.it\/web\/app\/uploads\/2022\/07\/Progetto-senza-titolo-1440x648.jpg 1440w, https:\/\/caterinad.it\/web\/app\/uploads\/2022\/07\/Progetto-senza-titolo-1024x461.jpg 1024w, https:\/\/caterinad.it\/web\/app\/uploads\/2022\/07\/Progetto-senza-titolo-1536x691.jpg 1536w, https:\/\/caterinad.it\/web\/app\/uploads\/2022\/07\/Progetto-senza-titolo-70x31.jpg 70w, https:\/\/caterinad.it\/web\/app\/uploads\/2022\/07\/Progetto-senza-titolo-1920x863.jpg 1920w\" sizes=\"auto, (max-width: 2048px) 100vw, 2048px\" \/><div class=\"wp-block-cover__inner-container is-layout-flow wp-block-cover-is-layout-flow\"><h1 class=\"has-text-align-center is-style-cursive has-white-color has-text-color has-6-xl-font-size wp-block-heading\">Work with us<\/h1><\/div><\/div><div style=\"height:30px\" aria-hidden=\"true\" class=\"wp-block-spacer\"><\/div><h3 class=\"has-text-align-center has-2-xl-font-size wp-block-heading\"><strong>We are looking for agents and distributors for free zones on the national and international territory<\/strong><\/h3><p class=\"has-text-align-center\">To send your application, write to <a href=\"mailto:info@emmebiesse.it\">info@emmebiesse.it<\/a> also attaching your CV updated with the latest experiences.<\/p><div style=\"height:30px\" aria-hidden=\"true\" class=\"wp-block-spacer thor-hidden-sm\"><\/div><div style=\"height:30px\" aria-hidden=\"true\" class=\"wp-block-spacer thor-hidden-sm\"><\/div><div style=\"height:30px\" aria-hidden=\"true\" class=\"wp-block-spacer\"><\/div><div class=\"wp-block-group alignfull thor-maxwidth-default\"><div class=\"wp-block-group__inner-container is-layout-flow wp-block-group-is-layout-flow\"><\/div><\/div>","protected":false},"excerpt":{"rendered":"<p>We are looking for agents and distributors for free zones on the national and international territory To send your application,&#8230;<\/p>\n","protected":false},"author":8,"featured_media":0,"parent":0,"menu_order":0,"comment_status":"closed","ping_status":"closed","template":"","meta":{"_acf_changed":false,"footnotes":""},"class_list":["post-5384","page","type-page","status-publish","hentry"],"acf":[],"yoast_head":"<!-- This site is optimized with the Yoast SEO plugin v26.9 - https:\/\/yoast.com\/product\/yoast-seo-wordpress\/ -->\n<title>Work with us<\/title>\n<meta name=\"description\" content=\"We are looking for agents and distributors for free zones on the national and international territory. CANDIDATES\" \/>\n<meta name=\"robots\" content=\"index, follow, max-snippet:-1, max-image-preview:large, max-video-preview:-1\" \/>\n<link rel=\"canonical\" href=\"https:\/\/caterinad.it\/en\/work-with-us\/\" \/>\n<meta property=\"og:locale\" content=\"en_US\" \/>\n<meta property=\"og:type\" content=\"article\" \/>\n<meta property=\"og:title\" content=\"Want to get in touch with Caterina D.?\" \/>\n<meta property=\"og:description\" content=\"Contact us to learn more about our collections, to find out where to buy clothes made in Italy or to become one of our retailers\" \/>\n<meta property=\"og:url\" content=\"https:\/\/caterinad.it\/en\/work-with-us\/\" \/>\n<meta property=\"og:site_name\" content=\"Caterina D.\" \/>\n<meta property=\"article:publisher\" content=\"https:\/\/www.facebook.com\/Caterina.D.Collection\" \/>\n<meta property=\"article:modified_time\" content=\"2024-09-17T08:02:19+00:00\" \/>\n<meta property=\"og:image\" content=\"https:\/\/caterinad.it\/web\/app\/uploads\/2022\/07\/Progetto-senza-titolo.jpg\" \/>\n\t<meta property=\"og:image:width\" content=\"2048\" \/>\n\t<meta property=\"og:image:height\" content=\"921\" \/>\n\t<meta property=\"og:image:type\" content=\"image\/jpeg\" \/>\n<meta name=\"twitter:card\" content=\"summary_large_image\" \/>\n<meta name=\"twitter:label1\" content=\"Est. reading time\" \/>\n\t<meta name=\"twitter:data1\" content=\"1 minute\" \/>\n<script type=\"application\/ld+json\" class=\"yoast-schema-graph\">{\"@context\":\"https:\/\/schema.org\",\"@graph\":[{\"@type\":\"WebPage\",\"@id\":\"https:\/\/caterinad.it\/en\/work-with-us\/\",\"url\":\"https:\/\/caterinad.it\/en\/work-with-us\/\",\"name\":\"Work with us\",\"isPartOf\":{\"@id\":\"https:\/\/caterinad.it\/#website\"},\"primaryImageOfPage\":{\"@id\":\"https:\/\/caterinad.it\/en\/work-with-us\/#primaryimage\"},\"image\":{\"@id\":\"https:\/\/caterinad.it\/en\/work-with-us\/#primaryimage\"},\"thumbnailUrl\":\"https:\/\/caterinad.it\/web\/app\/uploads\/2022\/07\/Progetto-senza-titolo.jpg\",\"datePublished\":\"2022-07-01T14:26:25+00:00\",\"dateModified\":\"2024-09-17T08:02:19+00:00\",\"description\":\"We are looking for agents and distributors for free zones on the national and international territory. CANDIDATES\",\"breadcrumb\":{\"@id\":\"https:\/\/caterinad.it\/en\/work-with-us\/#breadcrumb\"},\"inLanguage\":\"en-US\",\"potentialAction\":[{\"@type\":\"ReadAction\",\"target\":[\"https:\/\/caterinad.it\/en\/work-with-us\/\"]}]},{\"@type\":\"ImageObject\",\"inLanguage\":\"en-US\",\"@id\":\"https:\/\/caterinad.it\/en\/work-with-us\/#primaryimage\",\"url\":\"https:\/\/caterinad.it\/web\/app\/uploads\/2022\/07\/Progetto-senza-titolo.jpg\",\"contentUrl\":\"https:\/\/caterinad.it\/web\/app\/uploads\/2022\/07\/Progetto-senza-titolo.jpg\"},{\"@type\":\"BreadcrumbList\",\"@id\":\"https:\/\/caterinad.it\/en\/work-with-us\/#breadcrumb\",\"itemListElement\":[{\"@type\":\"ListItem\",\"position\":1,\"name\":\"Home\",\"item\":\"https:\/\/caterinad.it\/en\/\"},{\"@type\":\"ListItem\",\"position\":2,\"name\":\"Work with us\"}]},{\"@type\":\"WebSite\",\"@id\":\"https:\/\/caterinad.it\/#website\",\"url\":\"https:\/\/caterinad.it\/\",\"name\":\"Caterina D.\",\"description\":\"Perch\u00e9 scegliere tra eleganza e praticit\u00e0 quando si possono avere entrambe? La nostra idea di moda \u00e8 diversa: abiti dalle linee morbide e leggere, dal design unico e ricercato, per una bellezza senza stress.\",\"publisher\":{\"@id\":\"https:\/\/caterinad.it\/#organization\"},\"potentialAction\":[{\"@type\":\"SearchAction\",\"target\":{\"@type\":\"EntryPoint\",\"urlTemplate\":\"https:\/\/caterinad.it\/?s={search_term_string}\"},\"query-input\":{\"@type\":\"PropertyValueSpecification\",\"valueRequired\":true,\"valueName\":\"search_term_string\"}}],\"inLanguage\":\"en-US\"},{\"@type\":\"Organization\",\"@id\":\"https:\/\/caterinad.it\/#organization\",\"name\":\"Caterina D.\",\"alternateName\":\"CaterinaD\",\"url\":\"https:\/\/caterinad.it\/\",\"logo\":{\"@type\":\"ImageObject\",\"inLanguage\":\"en-US\",\"@id\":\"https:\/\/caterinad.it\/#\/schema\/logo\/image\/\",\"url\":\"https:\/\/caterinad.it\/web\/app\/uploads\/2019\/12\/logo-caterina-d-black.png\",\"contentUrl\":\"https:\/\/caterinad.it\/web\/app\/uploads\/2019\/12\/logo-caterina-d-black.png\",\"width\":1145,\"height\":236,\"caption\":\"Caterina D.\"},\"image\":{\"@id\":\"https:\/\/caterinad.it\/#\/schema\/logo\/image\/\"},\"sameAs\":[\"https:\/\/www.facebook.com\/Caterina.D.Collection\",\"https:\/\/www.instagram.com\/caterina.d.collection\"]}]}<\/script>\n<!-- \/ Yoast SEO plugin. -->","yoast_head_json":{"title":"Work with us","description":"We are looking for agents and distributors for free zones on the national and international territory. CANDIDATES","robots":{"index":"index","follow":"follow","max-snippet":"max-snippet:-1","max-image-preview":"max-image-preview:large","max-video-preview":"max-video-preview:-1"},"canonical":"https:\/\/caterinad.it\/en\/work-with-us\/","og_locale":"en_US","og_type":"article","og_title":"Want to get in touch with Caterina D.?","og_description":"Contact us to learn more about our collections, to find out where to buy clothes made in Italy or to become one of our retailers","og_url":"https:\/\/caterinad.it\/en\/work-with-us\/","og_site_name":"Caterina D.","article_publisher":"https:\/\/www.facebook.com\/Caterina.D.Collection","article_modified_time":"2024-09-17T08:02:19+00:00","og_image":[{"width":2048,"height":921,"url":"https:\/\/caterinad.it\/web\/app\/uploads\/2022\/07\/Progetto-senza-titolo.jpg","type":"image\/jpeg"}],"twitter_card":"summary_large_image","twitter_misc":{"Est. reading time":"1 minute"},"schema":{"@context":"https:\/\/schema.org","@graph":[{"@type":"WebPage","@id":"https:\/\/caterinad.it\/en\/work-with-us\/","url":"https:\/\/caterinad.it\/en\/work-with-us\/","name":"Work with us","isPartOf":{"@id":"https:\/\/caterinad.it\/#website"},"primaryImageOfPage":{"@id":"https:\/\/caterinad.it\/en\/work-with-us\/#primaryimage"},"image":{"@id":"https:\/\/caterinad.it\/en\/work-with-us\/#primaryimage"},"thumbnailUrl":"https:\/\/caterinad.it\/web\/app\/uploads\/2022\/07\/Progetto-senza-titolo.jpg","datePublished":"2022-07-01T14:26:25+00:00","dateModified":"2024-09-17T08:02:19+00:00","description":"We are looking for agents and distributors for free zones on the national and international territory. CANDIDATES","breadcrumb":{"@id":"https:\/\/caterinad.it\/en\/work-with-us\/#breadcrumb"},"inLanguage":"en-US","potentialAction":[{"@type":"ReadAction","target":["https:\/\/caterinad.it\/en\/work-with-us\/"]}]},{"@type":"ImageObject","inLanguage":"en-US","@id":"https:\/\/caterinad.it\/en\/work-with-us\/#primaryimage","url":"https:\/\/caterinad.it\/web\/app\/uploads\/2022\/07\/Progetto-senza-titolo.jpg","contentUrl":"https:\/\/caterinad.it\/web\/app\/uploads\/2022\/07\/Progetto-senza-titolo.jpg"},{"@type":"BreadcrumbList","@id":"https:\/\/caterinad.it\/en\/work-with-us\/#breadcrumb","itemListElement":[{"@type":"ListItem","position":1,"name":"Home","item":"https:\/\/caterinad.it\/en\/"},{"@type":"ListItem","position":2,"name":"Work with us"}]},{"@type":"WebSite","@id":"https:\/\/caterinad.it\/#website","url":"https:\/\/caterinad.it\/","name":"Caterina D.","description":"Perch\u00e9 scegliere tra eleganza e praticit\u00e0 quando si possono avere entrambe? La nostra idea di moda \u00e8 diversa: abiti dalle linee morbide e leggere, dal design unico e ricercato, per una bellezza senza stress.","publisher":{"@id":"https:\/\/caterinad.it\/#organization"},"potentialAction":[{"@type":"SearchAction","target":{"@type":"EntryPoint","urlTemplate":"https:\/\/caterinad.it\/?s={search_term_string}"},"query-input":{"@type":"PropertyValueSpecification","valueRequired":true,"valueName":"search_term_string"}}],"inLanguage":"en-US"},{"@type":"Organization","@id":"https:\/\/caterinad.it\/#organization","name":"Caterina D.","alternateName":"CaterinaD","url":"https:\/\/caterinad.it\/","logo":{"@type":"ImageObject","inLanguage":"en-US","@id":"https:\/\/caterinad.it\/#\/schema\/logo\/image\/","url":"https:\/\/caterinad.it\/web\/app\/uploads\/2019\/12\/logo-caterina-d-black.png","contentUrl":"https:\/\/caterinad.it\/web\/app\/uploads\/2019\/12\/logo-caterina-d-black.png","width":1145,"height":236,"caption":"Caterina D."},"image":{"@id":"https:\/\/caterinad.it\/#\/schema\/logo\/image\/"},"sameAs":["https:\/\/www.facebook.com\/Caterina.D.Collection","https:\/\/www.instagram.com\/caterina.d.collection"]}]}},"_links":{"self":[{"href":"https:\/\/caterinad.it\/en\/wp-json\/wp\/v2\/pages\/5384","targetHints":{"allow":["GET"]}}],"collection":[{"href":"https:\/\/caterinad.it\/en\/wp-json\/wp\/v2\/pages"}],"about":[{"href":"https:\/\/caterinad.it\/en\/wp-json\/wp\/v2\/types\/page"}],"author":[{"embeddable":true,"href":"https:\/\/caterinad.it\/en\/wp-json\/wp\/v2\/users\/8"}],"replies":[{"embeddable":true,"href":"https:\/\/caterinad.it\/en\/wp-json\/wp\/v2\/comments?post=5384"}],"version-history":[{"count":1,"href":"https:\/\/caterinad.it\/en\/wp-json\/wp\/v2\/pages\/5384\/revisions"}],"predecessor-version":[{"id":12779,"href":"https:\/\/caterinad.it\/en\/wp-json\/wp\/v2\/pages\/5384\/revisions\/12779"}],"wp:attachment":[{"href":"https:\/\/caterinad.it\/en\/wp-json\/wp\/v2\/media?parent=5384"}],"curies":[{"name":"wp","href":"https:\/\/api.w.org\/{rel}","templated":true}]}}